{"id":93,"date":"2014-09-22T10:49:12","date_gmt":"2014-09-22T08:49:12","guid":{"rendered":"http:\/\/ullitriemer.de\/?page_id=93"},"modified":"2014-09-22T12:59:31","modified_gmt":"2014-09-22T10:59:31","slug":"aquaristischer-lebenslauf","status":"publish","type":"page","link":"https:\/\/ullitriemer.de\/?page_id=93","title":{"rendered":"Aquaristischer Lebenslauf"},"content":{"rendered":"<p><a href=\"http:\/\/ullitriemer.de\/wp-content\/uploads\/2014\/09\/Avater-Ulli.jpg\"><img loading=\"lazy\" decoding=\"async\" class=\"alignnone size-full wp-image-96\" src=\"http:\/\/ullitriemer.de\/wp-content\/uploads\/2014\/09\/Avater-Ulli.jpg\" alt=\"Avater Ulli\" width=\"150\" height=\"156\" \/><\/a><br \/>\nJahrgang: 54` Beruf: Altenpflger<\/p>\n<p><strong>1968<\/strong><br \/>\nHabe ich zur Jugendweihe- in den alten Bundesl\u00e4ndern nennt man es Konfirmation- mein erstes Buch \u00fcber die Aquaristik geschenkt bekommen. Es war die \u201eAquarienkunde Band 1\u201c von G.Sterba. Meine ersten Fische waren damals ,Rasbora heteromorpha (Keilfleckbarbe) in einem 25 L Vollglasbecken.<\/p>\n<p><strong>1969<\/strong><br \/>\nBin ich der damaligen Fachgruppe Aquaristik des <a href=\"http:\/\/www.kulturbund-thueringen.de\/\">Kulturbundes<\/a> <a href=\"http:\/\/www.poessneck.de\/de\/diestadt.html\">P\u00f6\u00dfneck\/Th<\/a>. beigetreten. Ich durfte noch Aquaristik kennenlernen,die ohne \u201eHochtechnologie\u201c und Computer ausgekommen mu\u00dfte und gepr\u00e4gt war von einem regen Tauschhandel. Herrliche Aquarien auf der Fensterbank ohne jegliche Technik \u201egeregelt\u201c nur durch das sogenannte biologische Gleichgewicht,waren damals keine Seltenheit unter den alten Hasen. T\u00fcmpeltouren mit Lupe und Fangnetz ,meist noch selbst gebastelt, bei der die Mikrowelt der umliegenden T\u00fcmpel erkundet wurde war f\u00fcr jeden Neuling der Fachgruppe Pflicht.<\/p>\n<p><strong>1982<\/strong><br \/>\nNach unserem Umzug nach <a href=\"http:\/\/www.neustadtanderorla.de\/\">Neustadt \/ Orla<\/a> trat ich der dort ans\u00e4ssigen Fachgruppe Aquaristik bei. Ich habe in dieser Zeit die unterschiedlichsten Zierfischarten gepflegt und zum Teil auch gez\u00fcchtet. \u00dcber Labyrintfischen , s\u00fcdamerikanische Buntbarsche und Salmler bin ich dann bei den Panzerwelsen \u201eh\u00e4ngen\u201c geblieben. Meine ersten \u201ePandas\u201c habe ich von Herrn Dr. Hans-Joachim Franke (Gera) bekommen. Ihm habe ich mein umfangreiches Wissen \u00fcber diese Zierfischart zu verdanken. Zur damaligen Zeit besa\u00df ich insgesamt 4 Aquarien in den Gr\u00f6\u00dfen von 80 \u2013 120 Liter.<\/p>\n<p><strong>1992<\/strong><br \/>\nHabe ich in <a href=\"http:\/\/www.rudolstadt.de\/cms\/website.php\">Rudolstadt \/ Th\u00fcringen<\/a> in Zusammenarbeit mit dem damals noch existierenden Kulturbund eine neue Fachgruppe f\u00fcr Aquaristik in`s Leben gerufen.<br \/>\nBis zur Wahl eines \u201eLeiters\u201c habe ich dieser Fachgruppe vorgestanden und war bis zum Jahr 2000 Mitglied. In dieser \u201eAquaristischen Zeit\u201c habe ich meinen ersten \u201eAusflug\u201c in das Reich der Diskusbuntbarsche gemacht. Ich konnte sehr viele Erfahrungen sammeln und mein \u201eTaschengeld\u201c war stets aufgebraucht und mu\u00dfte Monat f\u00fcr Monat erh\u00f6ht werden.<br \/>\n<a href=\"http:\/\/ullitriemer.de\/wp-content\/uploads\/2014\/09\/350-L-Rudolstadt.jpg\"><img loading=\"lazy\" decoding=\"async\" class=\"alignnone wp-image-108 size-full\" src=\"http:\/\/ullitriemer.de\/wp-content\/uploads\/2014\/09\/350-L-Rudolstadt.jpg\" alt=\"350 L Rudolstadt\" width=\"300\" height=\"310\" srcset=\"https:\/\/ullitriemer.de\/wp-content\/uploads\/2014\/09\/350-L-Rudolstadt.jpg 300w, https:\/\/ullitriemer.de\/wp-content\/uploads\/2014\/09\/350-L-Rudolstadt-290x300.jpg 290w\" sizes=\"auto, (max-width: 300px) 100vw, 300px\" \/><\/a><br \/>\nAnsicht des 350 Liter Beckens in Rudolstadt Ende 2002<\/p>\n<p><strong>2003<\/strong><br \/>\nBeruflich bedingt zogen wir in diesem Jahr nach Baden W\u00fcrttemberg um. Alle m\u00fchsam aufgezogenen Diskusbuntbarsche und viel Panzerwelse wechselten unter Tr\u00e4nen den Besitzer und die Aquaristik mu\u00dfte wohnungsbedingt ein halbes Jahr ruhen. Aber Ende 2003 war es dann wieder so weit und es wurde ein neues Aquarium \u201eaufgestellt\u201c. Nat\u00fcrlich waren es Panzerwelse die in das Becken einzogen und ich habe mich ein zweites mal am Diskus versucht. \u00dcber einen Versuch hinaus bin ich leider nicht weiter gekommen,denn ein zu hoher Aufwand in der Wasseraufbereitung und der Energie zum Heizen beendeten,auch durch eine Krankheit der Fische bedingt,meinen \u201eStreifzug\u201c in die Faszination Diskusbuntbarsche entg\u00fcltig. Noch in diesem Jahr wurde ich Mitglied im Aquarienverein \u201eAquarienfreunde Filder e.V.\u201c<br \/>\n<a href=\"http:\/\/ullitriemer.de\/wp-content\/uploads\/2014\/09\/240-L-Sielmingen.jpg\"><img loading=\"lazy\" decoding=\"async\" class=\"alignnone wp-image-109 size-full\" src=\"http:\/\/ullitriemer.de\/wp-content\/uploads\/2014\/09\/240-L-Sielmingen.jpg\" alt=\"240 L Sielmingen\" width=\"500\" height=\"195\" srcset=\"https:\/\/ullitriemer.de\/wp-content\/uploads\/2014\/09\/240-L-Sielmingen.jpg 500w, https:\/\/ullitriemer.de\/wp-content\/uploads\/2014\/09\/240-L-Sielmingen-300x117.jpg 300w\" sizes=\"auto, (max-width: 500px) 100vw, 500px\" \/><\/a><br \/>\nAnsicht des 240 Liter Becken im Dezember 2003<\/p>\n<p><strong>2004<\/strong><br \/>\nIch hatte in den vergangenen Jahren viele Erfahrungen rund um meine Aquarien sammeln k\u00f6nnen. Aus diesem Grunde habe ich mich in diesem Jahr in einem Aquaristischen Forum angemeldet <a href=\"http:\/\/www.aqua-aquaristik.de\/Forum\/\">&#8222;Aqua &#8211; Aquaristik.de&#8220;<\/a> um meine Erfahrungen an &#8222;Ratsuchende&#8220; weiterzugeben.<\/p>\n<h4><strong>2005<\/strong><br \/>\nIn diesem Jahr wurde ich von den Moderatoren dieses Forums als ein neuer Moderator vorgeschlagen und gew\u00e4hlt.<\/h4>\n<p><strong>2006<\/strong><br \/>\nWurde ich zum 1.Vorsitzenden des Vereins &#8222;Aquarienfreunde Filder e.V:&#8220; gew\u00e4hlt. In diesem Jahr besa\u00df ich insgesamt 4 Aquarien in den Gr\u00f6\u00dfen 240 \u2013 60 Liter. Die Liebe zu den Panzwerwelsen ist geblieben und eine weitere ist hinzugekommen,die zu den lebendgeb\u00e4renden Zahnkarpfen, speziell den Xiphophorus maculatus Platys. Weiterhin besch\u00e4ftige ich mich mit Wasserpflanzen der Gattung Echinodorus , Zierfischkrankheiten.<\/p>\n<p><strong>2009<\/strong><br \/>\nIn diesem Jahr habe ich mich auf die \u201egro\u00dfen\u201c Arten der Panzerwelse spezialisiert. Ich pflegte ja schon des \u00f6fteren Panzerwelse der Gattung Brochis . Aber ab diesem Jahr wollte ich versuchen, alle drei Arten der Gattung Brochis zu pflegen. Wie schwierig das sein w\u00fcrde au\u00dfer Brochis splendens auch noch Brochis multiradiatus und Brochis britskii zu bekommen, ahnte ich zu diesem Zeitpunkt noch nicht.<\/p>\n<p><strong>2010<\/strong><br \/>\nIch hatte ja schon im vergangenem Jahr den Entschluss gefasst, mich mit der Art Brochis n\u00e4her zu besch\u00e4ftigen. Die bisherige Haltung der Art Brochis splendens bereitete keine gro\u00dfen Schwierigkeiten. Daf\u00fcr kostetet die Suche nach B. multiradiatus und B. britskii erhebliche Zeit und M\u00fche. Das erste mal f\u00fcndig wurde ich auf meiner Suche nach weiteren Brochis \u2013 Arten bei der ZOO-Handlung Schwaben Aquaristik in Aulendorf.<\/p>\n<p><strong>2011<\/strong><br \/>\nDas Jahr 2012 war f\u00fcr mich ein \u201eaufregendes\u201c Aquarien \u2013 Jahr. Ich konnte zum ersten mal alle drei Brochis \u2013 Arten pflegen. Durch einen reinen Zufall bin ich in den Besitz von Brochis britskii gekommen und konnte einige wenige Tiere erstehen. Leider w\u00e4hrte meine Freude nicht lang diese wundersch\u00f6ne Brochis \u2013 Art zu pflegen denn bereits nach ca. \u00bd Jahr verstarben die Tiere nach ein ander. Auf der weiteren Suche nach geeigneten Beifischen bin ich \u00fcber die Nachzucht \u2013 Datenbank des VDA auf Pterophylum peru \u201egesto\u00dfen\u201c. Diese Wildform von Pterophylum zeichnet sich durch kleine Punkte auf der oberen K\u00f6rperseite aus. Von einem Z\u00fcchter an der Mosel konnte ich einige Tiere erstehen. Zum Ende des Jahres habe ich auch eine Umstellung in der Haltung und Zucht von lebendgeb\u00e4renden Zahnkarpfen in meinen beiden anderen Aquarien vorgenommen. Hielt und z\u00fcchtete ich bisher Xiphophorus maculatus, besitze ich seit November 2011 einen kleinen Zuchtstamm von Poecilia reticulate Japan Blue. Auf der diesj\u00e4hrigen Messe \u201eFisch und Reptil\u201c in Sindelfingen habe ich Bekanntschaft mit den \u201eMachern\u201c des Projektes der \u201eRegenwaldzentrale\u201c gemacht. Da ich von diesem Projekt sofort \u00fcberzeugt gewesen bin, habe ich mich ihm angeschlossen und arbeite aktiv beim Ausbau mit.Einen Ausflug in das Reich der Nanoaquaristik habe ich in diesem Jahr auch unternommen bzw. meine Frau. Nat\u00fcrlich mit aktiver Unterst\u00fctzung meinerseits.<br \/>\n<a href=\"http:\/\/ullitriemer.de\/wp-content\/uploads\/2014\/09\/Nanoaquarium-2011.jpg\"><img loading=\"lazy\" decoding=\"async\" class=\"alignnone size-medium wp-image-112\" src=\"http:\/\/ullitriemer.de\/wp-content\/uploads\/2014\/09\/Nanoaquarium-2011-279x300.jpg\" alt=\"Nanoaquarium 2011\" width=\"279\" height=\"300\" srcset=\"https:\/\/ullitriemer.de\/wp-content\/uploads\/2014\/09\/Nanoaquarium-2011-279x300.jpg 279w, https:\/\/ullitriemer.de\/wp-content\/uploads\/2014\/09\/Nanoaquarium-2011.jpg 280w\" sizes=\"auto, (max-width: 279px) 100vw, 279px\" \/><\/a><br \/>\nMoni`s Nanoaquarium 27 Liter, im Dezember 2011<\/p>\n<p><strong>2012<\/strong><br \/>\nDas Jahr 2012 ist nur wenige Monate alt und es gab in dieser kurzen Zeit schon einige weitreichende Ver\u00e4nderungen in meinem \u201eaquaristischen Leben\u201c. F\u00fcnf Jahre lang habe ich mit gro\u00dfer Leidenschaft und viel Arrangement versucht die Aquaristik in \u201emeinem\u201c Verein voranzubringen. Leider musste ich nach dieser Zeit feststellen, es ist mir nicht gelungen und viele meiner Bem\u00fchungen haben nicht den gew\u00fcnschten Erfolg gebracht. So habe ich auf der diesj\u00e4hrigen Jahreshauptversammlung nicht wieder f\u00fcr den Vorsitz in diesem Verein kandidiert. Gleichzeitig gab meine Frau ihr &#8222;Amt&#8220; als Schriftf\u00fchrerin, dass sie mit gro\u00dfer Leidenschaft und Arrangement betrieben hat ebenfalls auf. Bedauerlicherweise hatte unser Einsatz f\u00fcr das &#8222;Weiterkommen&#8220; dieses Vereines und die Aquaristik nicht die geb\u00fchrende Anerkennung gefunden. Es waren leider andere Belange wichtiger, die aber der Aquaristik nicht dienlich sind und sich eher hemmend auf die Weiterentwicklung eines Vereines auswirken.<br \/>\nDennoch m\u00f6chte ich Ihnen meinen ehemaligen Verein nicht vorenthalten, denn es gab auch Zeiten in denen es viel Spa\u00df und Freude gegeben hat in denen wir uns gemeinsam mit der Aquaristik besch\u00e4ftigt haben. In diesem <a href=\"http:\/\/http:\/\/www.aquafilder.de\/\">Verein<\/a> !<br \/>\nDa ich meine Interesse in diesem Verein nicht mehr vertreten sah, habe ich mir eine neu \u201eaquaristische Heimat\u201c gesucht, in der die Aquaristik im Vereinsleben noch die Hauptrolle \u201espielt\u201c. Wenn Sie <a href=\"http:\/\/www.aquarienfreunde-nt.de\/html\/\">hier<\/a> klicken, dann k\u00f6nnen Sie erfahren wo sich diese neue \u201eaquaristische Heimat\u201c befindet.<\/p>\n<p><strong>2013<\/strong><br \/>\nAuch in diesem Jahr gab es wieder f\u00fcr mich &#8222;aquaristische Ver\u00e4nderungen&#8220;. Ich hatte ja schon in meinem Einf\u00fchrungsartikel <a href=\"http:\/\/ullitriemer.de\/?p=1\">&#8222;Hallo Welt&#8220;<\/a> \u00fcber den Fortbestand der Aquaristik im Allgemeinen philosophiert. F\u00fcr einen Hobby &#8211; Aquarianer, wie ich es nun mal bin, stellt sich ab und zu auch mal die Kosten &#8211; Nutzen Frage. Und die Antwort auf diese Frage viel, bei sehr kritischer Betrachtung, zum Schluss negativ aus. So habe ich dann von einst 6 Aquarien, die ich betrieben habe, noch drei. Ein 240 L Becken, ein 175 er und ein 60 er Becken sind \u00fcbriggeblieben.<\/p>\n<p>Fortsetzung folgt<\/p>\n","protected":false},"excerpt":{"rendered":"<p>Jahrgang: 54` Beruf: Altenpflger 1968 Habe ich zur Jugendweihe- in den alten Bundesl\u00e4ndern nennt man es Konfirmation- mein erstes Buch \u00fcber die Aquaristik geschenkt bekommen. Es war die \u201eAquarienkunde Band 1\u201c von G.Sterba. Meine ersten Fische waren damals ,Rasbora heteromorpha &hellip; <a href=\"https:\/\/ullitriemer.de\/?page_id=93\">Weiterlesen <span class=\"meta-nav\">&rarr;<\/span><\/a><\/p>\n","protected":false},"author":1,"featured_media":0,"parent":0,"menu_order":0,"comment_status":"closed","ping_status":"closed","template":"","meta":{"footnotes":""},"class_list":["post-93","page","type-page","status-publish","hentry"],"_links":{"self":[{"href":"https:\/\/ullitriemer.de\/index.php?rest_route=\/wp\/v2\/pages\/93","targetHints":{"allow":["GET"]}}],"collection":[{"href":"https:\/\/ullitriemer.de\/index.php?rest_route=\/wp\/v2\/pages"}],"about":[{"href":"https:\/\/ullitriemer.de\/index.php?rest_route=\/wp\/v2\/types\/page"}],"author":[{"embeddable":true,"href":"https:\/\/ullitriemer.de\/index.php?rest_route=\/wp\/v2\/users\/1"}],"replies":[{"embeddable":true,"href":"https:\/\/ullitriemer.de\/index.php?rest_route=%2Fwp%2Fv2%2Fcomments&post=93"}],"version-history":[{"count":20,"href":"https:\/\/ullitriemer.de\/index.php?rest_route=\/wp\/v2\/pages\/93\/revisions"}],"predecessor-version":[{"id":118,"href":"https:\/\/ullitriemer.de\/index.php?rest_route=\/wp\/v2\/pages\/93\/revisions\/118"}],"wp:attachment":[{"href":"https:\/\/ullitriemer.de\/index.php?rest_route=%2Fwp%2Fv2%2Fmedia&parent=93"}],"curies":[{"name":"wp","href":"https:\/\/api.w.org\/{rel}","templated":true}]}}