{"id":641,"date":"2015-05-01T14:03:44","date_gmt":"2015-05-01T12:03:44","guid":{"rendered":"http:\/\/ullitriemer.de\/?page_id=641"},"modified":"2015-05-01T14:06:53","modified_gmt":"2015-05-01T12:06:53","slug":"pterophyllum-scalare-skalar","status":"publish","type":"page","link":"https:\/\/ullitriemer.de\/?page_id=641","title":{"rendered":"Pterophyllum scalare (Skalar)"},"content":{"rendered":"<p><strong><em>Pterophyllum scalare<\/em><\/strong> Skalar<br \/>\nDa ich mich ja gr\u00f6\u00dften teils mit den Arten Corydoras und Brochis besch\u00e4ftige und diese sich meist in der N\u00e4he des Bodengrundes aufhalten, suchte ich nach geeigneten Beifischen. Ich wollte eine Naturform von einer Zierfischart, die gr\u00f6\u00dfenm\u00e4\u00dfig, auch optisch was darstellte. Und so viel meine Wahl auf den Skalar. Da sich in meinem Verein ein Z\u00fcchter befand, der diese Art , schon seit Jahren erfolgreich nachz\u00fcchtete machte ich mich auf dem Weg zu ihm. Was ich da meinen Augen bot, dass war schon grandios. Nicht der Gr\u00f6\u00dfe der Zuchtanlage wegen nein, Michael Bader, so hei\u00dft der Gute mit vollem Name, betreibt seine Zucht noch in m\u00fchevoller Handarbeit. Ich werde zu gegebener Zeit auf einer anderen Seite ausf\u00fchrlich dar\u00fcber berichten. Ich erstand insgesamt 5 Tiere.<\/p>\n<p>Leider hatten sich aber nicht alle Tiere untereinander lieb, so dass ein Tier immer wieder attackiert wurde, so dass es innerhalb sehr kurzer Zeit eingegangen ist. M\u00f6ge es im gro\u00dfen Fischhimmel seine wohlverdiente Ruhe finden. Die restlichen 4 Tiere wuchsen in nicht mal einem Jahr zu pr\u00e4chtigen Exemplaren heran.<br \/>\nAuf den nachfolgenden Bildern k\u00f6nnen Sie meine &#8222;Exemplare&#8220; betrachten.<br \/>\n<a href=\"http:\/\/ullitriemer.de\/wp-content\/uploads\/2015\/05\/Pterophyllum-scalare-Bild-1a.jpg\"><img loading=\"lazy\" decoding=\"async\" class=\"aligncenter wp-image-644 size-full\" src=\"http:\/\/ullitriemer.de\/wp-content\/uploads\/2015\/05\/Pterophyllum-scalare-Bild-1a.jpg\" alt=\"Pterophyllum scalare  Bild 1a\" width=\"500\" height=\"406\" srcset=\"https:\/\/ullitriemer.de\/wp-content\/uploads\/2015\/05\/Pterophyllum-scalare-Bild-1a.jpg 500w, https:\/\/ullitriemer.de\/wp-content\/uploads\/2015\/05\/Pterophyllum-scalare-Bild-1a-300x244.jpg 300w, https:\/\/ullitriemer.de\/wp-content\/uploads\/2015\/05\/Pterophyllum-scalare-Bild-1a-369x300.jpg 369w\" sizes=\"auto, (max-width: 500px) 100vw, 500px\" \/><\/a><a href=\"http:\/\/ullitriemer.de\/wp-content\/uploads\/2015\/05\/Pterophyllum-scalare-Bild-2a.jpg\"><img loading=\"lazy\" decoding=\"async\" class=\"aligncenter wp-image-645 size-full\" src=\"http:\/\/ullitriemer.de\/wp-content\/uploads\/2015\/05\/Pterophyllum-scalare-Bild-2a.jpg\" alt=\"Pterophyllum scalare  Bild 2a\" width=\"500\" height=\"444\" srcset=\"https:\/\/ullitriemer.de\/wp-content\/uploads\/2015\/05\/Pterophyllum-scalare-Bild-2a.jpg 500w, https:\/\/ullitriemer.de\/wp-content\/uploads\/2015\/05\/Pterophyllum-scalare-Bild-2a-300x266.jpg 300w, https:\/\/ullitriemer.de\/wp-content\/uploads\/2015\/05\/Pterophyllum-scalare-Bild-2a-338x300.jpg 338w\" sizes=\"auto, (max-width: 500px) 100vw, 500px\" \/><\/a><a href=\"http:\/\/ullitriemer.de\/wp-content\/uploads\/2015\/05\/Pterophyllum-scalare-Bild3a.jpg\"><img loading=\"lazy\" decoding=\"async\" class=\" wp-image-646 size-full aligncenter\" src=\"http:\/\/ullitriemer.de\/wp-content\/uploads\/2015\/05\/Pterophyllum-scalare-Bild3a.jpg\" alt=\"Pterophyllum scalare  Bild3a\" width=\"500\" height=\"406\" srcset=\"https:\/\/ullitriemer.de\/wp-content\/uploads\/2015\/05\/Pterophyllum-scalare-Bild3a.jpg 500w, https:\/\/ullitriemer.de\/wp-content\/uploads\/2015\/05\/Pterophyllum-scalare-Bild3a-300x244.jpg 300w, https:\/\/ullitriemer.de\/wp-content\/uploads\/2015\/05\/Pterophyllum-scalare-Bild3a-369x300.jpg 369w\" sizes=\"auto, (max-width: 500px) 100vw, 500px\" \/><\/a><a href=\"http:\/\/ullitriemer.de\/wp-content\/uploads\/2015\/05\/Pterophyllum-scalare-Bild-4a.jpg\"><img loading=\"lazy\" decoding=\"async\" class=\"aligncenter wp-image-647 size-full\" src=\"http:\/\/ullitriemer.de\/wp-content\/uploads\/2015\/05\/Pterophyllum-scalare-Bild-4a.jpg\" alt=\"Pterophyllum scalare Bild 4a\" width=\"500\" height=\"447\" srcset=\"https:\/\/ullitriemer.de\/wp-content\/uploads\/2015\/05\/Pterophyllum-scalare-Bild-4a.jpg 500w, https:\/\/ullitriemer.de\/wp-content\/uploads\/2015\/05\/Pterophyllum-scalare-Bild-4a-300x268.jpg 300w, https:\/\/ullitriemer.de\/wp-content\/uploads\/2015\/05\/Pterophyllum-scalare-Bild-4a-336x300.jpg 336w\" sizes=\"auto, (max-width: 500px) 100vw, 500px\" \/><\/a><a href=\"http:\/\/ullitriemer.de\/wp-content\/uploads\/2015\/05\/Pterophyllum-scalare-Bild-5a.jpg\"><img loading=\"lazy\" decoding=\"async\" class=\"aligncenter wp-image-648 size-full\" src=\"http:\/\/ullitriemer.de\/wp-content\/uploads\/2015\/05\/Pterophyllum-scalare-Bild-5a.jpg\" alt=\"Pterophyllum scalare Bild 5a\" width=\"500\" height=\"359\" srcset=\"https:\/\/ullitriemer.de\/wp-content\/uploads\/2015\/05\/Pterophyllum-scalare-Bild-5a.jpg 500w, https:\/\/ullitriemer.de\/wp-content\/uploads\/2015\/05\/Pterophyllum-scalare-Bild-5a-300x215.jpg 300w, https:\/\/ullitriemer.de\/wp-content\/uploads\/2015\/05\/Pterophyllum-scalare-Bild-5a-418x300.jpg 418w\" sizes=\"auto, (max-width: 500px) 100vw, 500px\" \/><\/a>Und die Kr\u00f6nung einer erfolgreichen Haltung seiner Lieblinge endet dann darin, dass sie sich Fortpflanzen. So auch schon mehrmals bei meinen Tieren geschehen.<br \/>\nEin kleines Video , nat\u00fcrlich selbst aufgenommen und bearbeitet, von einem Ablaichvorgang k\u00f6nnen Sie hier bewundern<\/p>\n<p><iframe loading=\"lazy\" title=\"Laichende Skalare\" width=\"584\" height=\"329\" src=\"https:\/\/www.youtube.com\/embed\/-6BdrZtVbTY?feature=oembed\" frameborder=\"0\" allow=\"accelerometer; autoplay; clipboard-write; encrypted-media; gyroscope; picture-in-picture; web-share\" referrerpolicy=\"strict-origin-when-cross-origin\" allowfullscreen><\/iframe><\/p>\n<p>&nbsp;<\/p>\n","protected":false},"excerpt":{"rendered":"<p>Pterophyllum scalare Skalar Da ich mich ja gr\u00f6\u00dften teils mit den Arten Corydoras und Brochis besch\u00e4ftige und diese sich meist in der N\u00e4he des Bodengrundes aufhalten, suchte ich nach geeigneten Beifischen. Ich wollte eine Naturform von einer Zierfischart, die gr\u00f6\u00dfenm\u00e4\u00dfig, &hellip; <a href=\"https:\/\/ullitriemer.de\/?page_id=641\">Weiterlesen <span class=\"meta-nav\">&rarr;<\/span><\/a><\/p>\n","protected":false},"author":1,"featured_media":0,"parent":126,"menu_order":2,"comment_status":"closed","ping_status":"closed","template":"","meta":{"footnotes":""},"class_list":["post-641","page","type-page","status-publish","hentry"],"_links":{"self":[{"href":"https:\/\/ullitriemer.de\/index.php?rest_route=\/wp\/v2\/pages\/641","targetHints":{"allow":["GET"]}}],"collection":[{"href":"https:\/\/ullitriemer.de\/index.php?rest_route=\/wp\/v2\/pages"}],"about":[{"href":"https:\/\/ullitriemer.de\/index.php?rest_route=\/wp\/v2\/types\/page"}],"author":[{"embeddable":true,"href":"https:\/\/ullitriemer.de\/index.php?rest_route=\/wp\/v2\/users\/1"}],"replies":[{"embeddable":true,"href":"https:\/\/ullitriemer.de\/index.php?rest_route=%2Fwp%2Fv2%2Fcomments&post=641"}],"version-history":[{"count":7,"href":"https:\/\/ullitriemer.de\/index.php?rest_route=\/wp\/v2\/pages\/641\/revisions"}],"predecessor-version":[{"id":653,"href":"https:\/\/ullitriemer.de\/index.php?rest_route=\/wp\/v2\/pages\/641\/revisions\/653"}],"up":[{"embeddable":true,"href":"https:\/\/ullitriemer.de\/index.php?rest_route=\/wp\/v2\/pages\/126"}],"wp:attachment":[{"href":"https:\/\/ullitriemer.de\/index.php?rest_route=%2Fwp%2Fv2%2Fmedia&parent=641"}],"curies":[{"name":"wp","href":"https:\/\/api.w.org\/{rel}","templated":true}]}}