{"id":231,"date":"2014-10-31T14:20:06","date_gmt":"2014-10-31T12:20:06","guid":{"rendered":"http:\/\/ullitriemer.de\/?page_id=231"},"modified":"2014-10-31T18:31:08","modified_gmt":"2014-10-31T16:31:08","slug":"die-gattung-brochis","status":"publish","type":"page","link":"https:\/\/ullitriemer.de\/?page_id=231","title":{"rendered":"Die Gattung Brochis"},"content":{"rendered":"<p>Die kleinste Gattung der Unterfamilie beherbergt auch die gr\u00f6\u00dften Vertreter der Panzerwelse. Bei den bereits wissenschaftlich beschriebenen Arten handelt es sich um recht gro\u00df wertende Arten, die im Durchschnitt bis zu <strong>12 cm K\u00f6rperl\u00e4nge<\/strong> erreichen k\u00f6nnen. Der Unterschied zu den beiden anderen Arten Aspidoras und Corydoras liegt in der Anzahl der R\u00fcckenflossenstrahlen. Bei Aspidoras und Corydoras liegt die Anzahl bei 6 bis <strong>8<\/strong> im Durchschnitt <strong>7 Dorsalstrahlen<\/strong> und bei der Art Brochis sind es <strong>10<\/strong> bis <strong>18<\/strong>. Die Schnauze ist bei den Corydoras Arten nackt und bei Brochis Arten mit einer Knochenplatten bedeckt.<br \/>\nBrochis splendens, die wissenschaftlich am l\u00e4ngsten bekannte Art, wurde 1855 von CASTELNAU als Callichthys splendens beschreiben. Seitdem kam es immer wieder zu Neubeschreibungen der selben Art. Auch COPE beschrieb die bereits von CASTELNAU beschriebene Art gleich mehrfach, als Brochis dipterus und Brochis coeruleus und sogar als Corydoras semiscutatus, bis er die Gattung Brochis als Taxon ins Leben rief. Erst NIJSSEN und ISBR\u00dcCKER (1970) unterzogen die Gattung Brochis einer Revision, in der sie das Namenswirrwarr aufkl\u00e4rten. Schlie\u00dflich beschrieben NIJSSEN und ISBR\u00dcCKER (1983) als dritte Art der Gattung Brochis, Brochis britskii.<\/p>\n<p>G\u00fcltige Arten der Gattung Brochis (COPE,1872)<br \/>\n<strong><em>Brochis britskii<\/em><\/strong>\u00a0\u00a0\u00a0\u00a0\u00a0\u00a0\u00a0\u00a0\u00a0\u00a0\u00a0\u00a0\u00a0\u00a0\u00a0\u00a0\u00a0\u00a0\u00a0\u00a0\u00a0\u00a0\u00a0\u00a0 Nijssen und Isbr\u00fccker, 1983<br \/>\n<strong><em>Brochis multiradiatus<\/em><\/strong>\u00a0\u00a0\u00a0\u00a0\u00a0\u00a0\u00a0\u00a0\u00a0\u00a0\u00a0\u00a0\u00a0 Orces-Villagomez,1960<br \/>\n<em><strong>Brochis splendens<\/strong><\/em>\u00a0\u00a0\u00a0\u00a0\u00a0\u00a0\u00a0\u00a0\u00a0\u00a0\u00a0\u00a0\u00a0\u00a0\u00a0\u00a0\u00a0\u00a0 Castelnau,1855<\/p>\n<p>Synonym Namensverzeichnis der Gattung Brochis<br \/>\n<strong><em>Brochis coeruleus<\/em><\/strong>\u00a0\u00a0\u00a0\u00a0\u00a0\u00a0\u00a0\u00a0\u00a0\u00a0\u00a0\u00a0\u00a0\u00a0\u00a0\u00a0\u00a0\u00a0\u00a0 Cope,1872=Brochis splendens<br \/>\n<strong><em>Brochis dipterus<\/em><\/strong> \u00a0 \u00a0 \u00a0 \u00a0 \u00a0 \u00a0\u00a0\u00a0\u00a0\u00a0\u00a0\u00a0\u00a0\u00a0\u00a0\u00a0 Cope,1872=Brochis splendens<br \/>\n<strong><em>Callichthys splendens<\/em><\/strong>\u00a0\u00a0\u00a0\u00a0\u00a0\u00a0\u00a0\u00a0\u00a0\u00a0 \u00a0\u00a0 Castelnau,1855=Brochis splendens<br \/>\n<strong><em>Callichthys taiosh<\/em><\/strong>\u00a0\u00a0\u00a0\u00a0\u00a0\u00a0\u00a0\u00a0\u00a0\u00a0\u00a0\u00a0\u00a0\u00a0\u00a0\u00a0\u00a0\u00a0\u00a0\u00a0 Castelnau,1855= Brochis splendens<br \/>\n<strong><em>Chaenothorax bicarinatus<\/em><\/strong>\u00a0\u00a0\u00a0\u00a0\u00a0\u00a0 Cope,1878=Brochis splendens<br \/>\n<strong><em>Chaenothorax eigenmanni<\/em><\/strong>\u00a0\u00a0\u00a0\u00a0\u00a0 Ellis,1913= Brochis splendens<br \/>\n<strong><em>Chaenothorax multiradiatus<\/em><\/strong>\u00a0\u00a0 Orces-Villagomez,1960=Brochis multiradiatus<br \/>\n<strong><em>Corydoras semiscutatus<\/em><\/strong>\u00a0\u00a0\u00a0\u00a0\u00a0\u00a0\u00a0\u00a0 Cope,1972=Brochis splendens<br \/>\n<strong><em>Hoplosoma splendens<\/em><\/strong> \u00a0 \u00a0 \u00a0 \u00a0 \u00a0\u00a0\u00a0 Gill,1858=Brochis splendens<br \/>\n<strong><em>Hoplostoma taiosh<\/em><\/strong>\u00a0\u00a0\u00a0\u00a0\u00a0\u00a0\u00a0\u00a0\u00a0\u00a0\u00a0\u00a0\u00a0\u00a0\u00a0\u00a0\u00a0\u00a0 Gill,1858=Brochis splendens<br \/>\n<strong><em>Osteogaster splendens<\/em><\/strong> \u00a0 \u00a0 \u00a0\u00a0\u00a0\u00a0\u00a0\u00a0 Cope,1894=Brochis splendens<\/p>\n<p>Textquelle: H. G. Evers, Panzerwelse Aspidoras &#8211; Brochis &#8211; Corydoras, ULMER Verlag, 1994<\/p>\n<p>Noch nicht wissenschaftlich bestimmte Brochis-Arten<br \/>\n<strong>CW 34<\/strong><br \/>\n<strong>CW 35<\/strong><\/p>\n<p>Haltung, Pflege und Zucht der jeweiligen Art<strong><br \/>\n<a title=\"Angebote\" href=\"http:\/\/ullitriemer.de\/?page_id=241\"><em>Brochis splendens<\/em><\/a>\u00a0\u00a0\u00a0\u00a0\u00a0\u00a0\u00a0\u00a0\u00a0\u00a0\u00a0\u00a0\u00a0\u00a0\u00a0\u00a0\u00a0\u00a0\u00a0 <\/strong>Smaragdpanzerwels<strong><br \/>\n<\/strong><\/p>\n<p>&nbsp;<\/p>\n","protected":false},"excerpt":{"rendered":"<p>Die kleinste Gattung der Unterfamilie beherbergt auch die gr\u00f6\u00dften Vertreter der Panzerwelse. Bei den bereits wissenschaftlich beschriebenen Arten handelt es sich um recht gro\u00df wertende Arten, die im Durchschnitt bis zu 12 cm K\u00f6rperl\u00e4nge erreichen k\u00f6nnen. Der Unterschied zu den &hellip; <a href=\"https:\/\/ullitriemer.de\/?page_id=231\">Weiterlesen <span class=\"meta-nav\">&rarr;<\/span><\/a><\/p>\n","protected":false},"author":1,"featured_media":0,"parent":0,"menu_order":4,"comment_status":"closed","ping_status":"closed","template":"","meta":{"footnotes":""},"class_list":["post-231","page","type-page","status-publish","hentry"],"_links":{"self":[{"href":"https:\/\/ullitriemer.de\/index.php?rest_route=\/wp\/v2\/pages\/231","targetHints":{"allow":["GET"]}}],"collection":[{"href":"https:\/\/ullitriemer.de\/index.php?rest_route=\/wp\/v2\/pages"}],"about":[{"href":"https:\/\/ullitriemer.de\/index.php?rest_route=\/wp\/v2\/types\/page"}],"author":[{"embeddable":true,"href":"https:\/\/ullitriemer.de\/index.php?rest_route=\/wp\/v2\/users\/1"}],"replies":[{"embeddable":true,"href":"https:\/\/ullitriemer.de\/index.php?rest_route=%2Fwp%2Fv2%2Fcomments&post=231"}],"version-history":[{"count":9,"href":"https:\/\/ullitriemer.de\/index.php?rest_route=\/wp\/v2\/pages\/231\/revisions"}],"predecessor-version":[{"id":239,"href":"https:\/\/ullitriemer.de\/index.php?rest_route=\/wp\/v2\/pages\/231\/revisions\/239"}],"wp:attachment":[{"href":"https:\/\/ullitriemer.de\/index.php?rest_route=%2Fwp%2Fv2%2Fmedia&parent=231"}],"curies":[{"name":"wp","href":"https:\/\/api.w.org\/{rel}","templated":true}]}}