{"id":2,"date":"2014-09-20T17:44:45","date_gmt":"2014-09-20T15:44:45","guid":{"rendered":"http:\/\/ullitriemer.de\/\/?page_id=2"},"modified":"2015-01-20T23:26:13","modified_gmt":"2015-01-20T21:26:13","slug":"beispiel-seite","status":"publish","type":"page","link":"https:\/\/ullitriemer.de\/?page_id=2","title":{"rendered":"Impressum"},"content":{"rendered":"<address><span style=\"font-size: 10pt;\">Betreiber der folgenden Webseite:<\/span><span style=\"font-size: 10pt;\"><span style=\"font-size: 10pt;\"><strong>www.ullitriemer.de<\/strong><\/span><\/span><span style=\"font-size: 10pt;\">ist<\/span><br \/>\n<strong><br \/>\n<\/strong><span style=\"font-size: 10pt;\">Ullrich Triemer<\/span><br \/>\n<span style=\"font-size: 10pt;\"> Eberhard-Strasse 7<\/span><br \/>\n<span style=\"font-size: 10pt;\"> 70794 Filderstadt-Sielmingen<\/span><\/p>\n<p><strong><span style=\"font-size: 10pt;\">Rechtlicher Hinweis<\/span><\/strong><br \/>\n<span style=\"font-size: 10pt;\"> Alle in meinen Internetseiten enthaltenen Angaben und Informationen wurden von mir sorgf\u00e4ltig recherchiert und gepr\u00fcft. F\u00fcr die Richtigkeit, Vollst\u00e4ndigkeit und Aktualit\u00e4t wird von mir keine Haftung \u00fcbernommen. Alle Informationen dienen ausschlie\u00dflich zur Information der Besucher. Im \u00fcbrigen ist die Haftung auf Vorsatz oder grobe Fahrl\u00e4ssigkeit beschr\u00e4nkt. Auf Internetseiten Dritter, auf die ich durch Hyperlink verweise, tragen die jeweiligen Anbieter die Verantwortung. Des weiteren k\u00f6nnen meine Web-Seite ohne mein Wissen von einer anderen Web-Seite mittels Hyperlink angelinkt worden sein. Ich \u00fcbernehmen keine Verantwortung f\u00fcr Darstellungen, Inhalt oder irgendeine Verbindung zu meiner Web-Seite in Web-Seiten Dritter. Au\u00dferdem behalten ich mir das Recht vor, \u00c4nderungen oder Erg\u00e4nzungen der bereitgestellten Informationen vorzunehmen. Inhalt und Struktur der Web-Seiten sind urheberrechtlich gesch\u00fctzt. Die Vervielf\u00e4ltigung von Informationen oder Daten, insbesondere die Verwendung von Texten, Textzeilen oder Bildmaterial bedarf der ausdr\u00fccklichen Zustimmung. Angabe gem\u00e4\u00df \u00a76 Anbieterkennzeichnung des TDG (Teledienstgesetz).<\/span><\/p>\n<p><strong><span style=\"font-size: 10pt;\">Inhalt des Onlineangebotes<\/span><\/strong><br \/>\n<span style=\"font-size: 10pt;\"> Der Betreiber \u00fcbernimmt keinerlei Gew\u00e4hr f\u00fcr die Aktualit\u00e4t, Korrektheit, Vollst\u00e4ndigkeit oder Qualit\u00e4t der bereitgestellten Informationen. Haftungsanspr\u00fcche gegen den Betreiber, welche sich auf Sch\u00e4den materieller oder ideeller Art beziehen, die durch die Nutzung oder Nichtnutzung der dargebotenen Informationen bzw. durch die Nutzung fehlerhafter und unvollst\u00e4ndiger Informationen verursacht wurden, sind grunds\u00e4tzlich ausgeschlossen, sofern seitens des Betreibers keine nachweisliches vors\u00e4tzliches oder grob fahrl\u00e4ssiges Verschulden vorliegt. Dieser Ausschluss greift auch dann nicht, wenn es zu einer Verletzung des Lebens, des K\u00f6rpers oder der Gesundheit gekommen ist. Alle Angebote sind freibleibend und unverbindlich. Der Betreiber beh\u00e4lt es sich ausdr\u00fccklich vor, Teile der Seiten oder das gesamte Angebot ohne gesonderte Ank\u00fcndigung zu ver\u00e4ndern, zu erg\u00e4nzen, zu l\u00f6schen oder die Ver\u00f6ffentlichung zeitweise oder endg\u00fcltig einzustellen.<\/span><\/p>\n<p><strong><span style=\"font-size: 10pt;\">Verweise und Links<\/span><\/strong><br \/>\n<span style=\"font-size: 10pt;\"> Der Betreiber erkl\u00e4rt hiermit ausdr\u00fccklich, dass zum Zeitpunkt der Linksetzung keine illegalen Inhalte auf den zu verlinkenden Seiten erkennbar waren. Auf die aktuelle und zuk\u00fcnftige Gestaltung, die Inhalte oder die Urheberschaft der gelinkten\/verkn\u00fcpften Seiten hat der Betreiber keinerlei Einfluss. Deshalb distanzieren er sich hiermit ausdr\u00fccklich von allen Inhalten aller gelinkten \/verkn\u00fcpften Seiten, die nach der Linksetzung ver\u00e4ndert wurden. Diese Feststellung gilt f\u00fcr alle innerhalb des eigenen Internetangebotes gesetzten Links und Verweise sowie f\u00fcr Fremdeintr\u00e4ge in von dem Betreiber eingerichtetem G\u00e4stebuch oder aber einem Diskussionsforum. F\u00fcr illegale, fehlerhafte oder unvollst\u00e4ndige Inhalte und insbesondere f\u00fcr Sch\u00e4den, die aus der Nutzung oder Nichtnutzung solcherart dargebotener Informationen entstehen, haftet allein der Anbieter der Seite, auf welche verwiesen wurde, nicht derjenige, der \u00fcber Links auf die jeweilige Ver\u00f6ffentlichung lediglich verweist. Ich behalten mir vor, Links auf Webseiten mit Inhalten die diffamierende \u00c4u\u00dferungen gegen unser Forum enthalten zu sperren.<\/span><\/p>\n<p><strong><span style=\"font-size: 10pt;\">Urheber und Kennzeichnungsrecht<\/span><\/strong><br \/>\n<span style=\"font-size: 10pt;\"> Der Betreiber ist bestrebt, in allen Publikationen die Urheberrechte der verwendeten Grafiken, Tondokumente, Videosequenzen und Texte (im Folgenden Werke) zu beachten, von ihnen selbst erstellte Werke zu nutzen oder auf lizenzfreie Werke zur\u00fcckzugreifen. Alle innerhalb des Internetangebotes genannten und ggf. durch Dritte gesch\u00fctzten Marken- und Warenzeichen unterliegen uneingeschr\u00e4nkt den Bestimmungen des jeweils g\u00fcltigen Kennzeichenrechts und den Besitzrechten der jeweiligen eingetragenen Eigent\u00fcmer. Allein aufgrund der blo\u00dfen Nennung ist nicht der Schluss zu ziehen, dass Markenzeichen nicht durch Rechte Dritter gesch\u00fctzt sind! Das Copyright f\u00fcr ver\u00f6ffentlichte, von dem Betreiber selbst erstellten Objekte bleibt allein bei dem Betreiber der Seiten. Eine Vervielf\u00e4ltigung oder Verwendung solcher Werke in anderen elektronischen oder gedruckten Publikationen ist ohne ausdr\u00fcckliche Zustimmung der Betreiber nicht gestattet<\/span><\/p>\n<p><strong><span style=\"font-size: 10pt;\">Copyright<\/span><\/strong><br \/>\n<span style=\"font-size: 10pt;\"> Unerlaubtes Kopieren und Verwenden von Inhalten und Abbildungen \/ Fotos auf anderen Webseiten ist Verboten! Das Kopieren oder Vervielf\u00e4ltigen dieser Internetseiten, oder Bestandteile daraus, ist nur mit ausdr\u00fccklicher, schriftlicher Genehmigung des jeweiligen Autors Ullrich Triemer erlaubt. Alle Rechte bleiben beim Webmaster Ullrich Triemer als Betreiber und Autor vorbehalten. Der Verkauf und \/ oder jegliche kommerzielle Nutzung von diesen Seiten heruntergeladener Informationen und Software ist untersagt !<\/span><\/p>\n<p><strong><span style=\"font-size: 10pt;\">Ort<\/span><\/strong><br \/>\n<span style=\"font-size: 10pt;\">Filderstadt \/ Sielmingen, September 2014<\/span><\/p>\n<\/address>\n<p>&nbsp;<\/p>\n","protected":false},"excerpt":{"rendered":"<p>Betreiber der folgenden Webseite:www.ullitriemer.deist Ullrich Triemer Eberhard-Strasse 7 70794 Filderstadt-Sielmingen Rechtlicher Hinweis Alle in meinen Internetseiten enthaltenen Angaben und Informationen wurden von mir sorgf\u00e4ltig recherchiert und gepr\u00fcft. F\u00fcr die Richtigkeit, Vollst\u00e4ndigkeit und Aktualit\u00e4t wird von mir keine Haftung \u00fcbernommen. Alle &hellip; <a href=\"https:\/\/ullitriemer.de\/?page_id=2\">Weiterlesen <span class=\"meta-nav\">&rarr;<\/span><\/a><\/p>\n","protected":false},"author":1,"featured_media":0,"parent":0,"menu_order":7,"comment_status":"closed","ping_status":"closed","template":"sidebar-page.php","meta":{"footnotes":""},"class_list":["post-2","page","type-page","status-publish","hentry"],"_links":{"self":[{"href":"https:\/\/ullitriemer.de\/index.php?rest_route=\/wp\/v2\/pages\/2","targetHints":{"allow":["GET"]}}],"collection":[{"href":"https:\/\/ullitriemer.de\/index.php?rest_route=\/wp\/v2\/pages"}],"about":[{"href":"https:\/\/ullitriemer.de\/index.php?rest_route=\/wp\/v2\/types\/page"}],"author":[{"embeddable":true,"href":"https:\/\/ullitriemer.de\/index.php?rest_route=\/wp\/v2\/users\/1"}],"replies":[{"embeddable":true,"href":"https:\/\/ullitriemer.de\/index.php?rest_route=%2Fwp%2Fv2%2Fcomments&post=2"}],"version-history":[{"count":11,"href":"https:\/\/ullitriemer.de\/index.php?rest_route=\/wp\/v2\/pages\/2\/revisions"}],"predecessor-version":[{"id":1059,"href":"https:\/\/ullitriemer.de\/index.php?rest_route=\/wp\/v2\/pages\/2\/revisions\/1059"}],"wp:attachment":[{"href":"https:\/\/ullitriemer.de\/index.php?rest_route=%2Fwp%2Fv2%2Fmedia&parent=2"}],"curies":[{"name":"wp","href":"https:\/\/api.w.org\/{rel}","templated":true}]}}