{"id":613,"date":"2015-05-01T11:57:19","date_gmt":"2015-05-01T09:57:19","guid":{"rendered":"http:\/\/ullitriemer.de\/?page_id=613"},"modified":"2015-06-29T05:54:19","modified_gmt":"2015-06-29T03:54:19","slug":"belonesox-belizanus-hechtkaerpfling","status":"publish","type":"page","link":"http:\/\/ullitriemer.de\/?page_id=613","title":{"rendered":"Belonesox belizanus (Hechtk\u00e4rpfling)"},"content":{"rendered":"<p>Nat\u00fcrlich schwimmen in meinen 3 Aquarien so einiges an Getier herum.<br \/>\nWas und um welche Arten von Fischen es sich dabei handelt, m\u00f6chte ich Ihnen auf dieser Seite n\u00e4her vorstellen.<br \/>\nDen Anfang soll meine j\u00fcngste Errungenschaft mache, die seit gestern, dem 30. April, Einzug in mein 240 L Becken gehalten hat.<br \/>\nEs handelt sich um <strong><em>Belonesox belizanus<\/em><\/strong> der Hechtk\u00e4rpfling. Er ist ein ausgesprochener R\u00e4uber und frisst nur Lebendfutter, in Form von Fischen.<br \/>\nFolgen Sie mir, dem Lauf der Dinge, hin vom Erwerb der Tiere, bis zum &#8222;Einzug&#8220; in mein Aquarium.<\/p>\n<p><strong>Erwerb<\/strong><br \/>\nSchon lang, noch zu DDR &#8211; Zeiten, habe ich versucht diese Art zu erwerben. Leider war dass schon damals nicht so einfach und gelang mir auch nach der Wiedervereinigung nicht gleich auf Anhieb. Immer wieder habe ich die Tante Google befragt, und immer wieder gab sie mir Antworten, die mich so nicht befriedigen konnten. Entweder wollte man die Nachzuchten nicht versenden, oder der Ort des Kaufes war einige 100 km entfernt, so dass sich die Anreise zeitm\u00e4\u00dfig nicht lohnte.<br \/>\n\u00dcber Facebook bin ich dann auf einen Z\u00fcchter aufmerksam geworden, der auch bereit war seine Nachzuchten zu versenden. Gesagt, in diesem Falle geschrieben und dann getan, nach dem k\u00e4uflichen Erwerb, kamen die Tiere per Kurier am Donnertag, dem 30.April um ca. 11:20 Uhr bei mir an.<\/p>\n<p style=\"text-align: left;\"><strong>Transport<\/strong><br \/>\nDie Verpackung, wie Sie ja auf den nachfolgenden Bildern erkennen k\u00f6nnen, entsprach dem \u00fcblichen Standart des Zierfischversandes. Nur lagen die Temperatur des Transportwassers trotz W\u00e4rmepacks bei <strong>15,5 \u00b0 C<\/strong> und das war arg wenig.<br \/>\n<a href=\"http:\/\/ullitriemer.de\/wp-content\/uploads\/2015\/05\/Transport-1.jpg\"><img loading=\"lazy\" decoding=\"async\" class=\"aligncenter wp-image-619 size-full\" src=\"http:\/\/ullitriemer.de\/wp-content\/uploads\/2015\/05\/Transport-1.jpg\" alt=\"Transport 1\" width=\"500\" height=\"333\" srcset=\"http:\/\/ullitriemer.de\/wp-content\/uploads\/2015\/05\/Transport-1.jpg 500w, http:\/\/ullitriemer.de\/wp-content\/uploads\/2015\/05\/Transport-1-300x200.jpg 300w, http:\/\/ullitriemer.de\/wp-content\/uploads\/2015\/05\/Transport-1-450x300.jpg 450w\" sizes=\"auto, (max-width: 500px) 100vw, 500px\" \/><\/a><a href=\"http:\/\/ullitriemer.de\/wp-content\/uploads\/2015\/05\/Transport-2.jpg\"><img loading=\"lazy\" decoding=\"async\" class=\"aligncenter wp-image-620 size-full\" src=\"http:\/\/ullitriemer.de\/wp-content\/uploads\/2015\/05\/Transport-2.jpg\" alt=\"Transport 2\" width=\"500\" height=\"333\" srcset=\"http:\/\/ullitriemer.de\/wp-content\/uploads\/2015\/05\/Transport-2.jpg 500w, http:\/\/ullitriemer.de\/wp-content\/uploads\/2015\/05\/Transport-2-300x200.jpg 300w, http:\/\/ullitriemer.de\/wp-content\/uploads\/2015\/05\/Transport-2-450x300.jpg 450w\" sizes=\"auto, (max-width: 500px) 100vw, 500px\" \/><\/a><a href=\"http:\/\/ullitriemer.de\/wp-content\/uploads\/2015\/05\/Transport-3.jpg\"><img loading=\"lazy\" decoding=\"async\" class=\"aligncenter wp-image-626 size-full\" src=\"http:\/\/ullitriemer.de\/wp-content\/uploads\/2015\/05\/Transport-3.jpg\" alt=\"Transport 3\" width=\"500\" height=\"312\" srcset=\"http:\/\/ullitriemer.de\/wp-content\/uploads\/2015\/05\/Transport-3.jpg 500w, http:\/\/ullitriemer.de\/wp-content\/uploads\/2015\/05\/Transport-3-300x187.jpg 300w, http:\/\/ullitriemer.de\/wp-content\/uploads\/2015\/05\/Transport-3-481x300.jpg 481w\" sizes=\"auto, (max-width: 500px) 100vw, 500px\" \/><\/a>Die Tiere waren aus Sicherheitsgr\u00fcnden einzeln verpackt wurde. Ich konnte die restlichen 4 Nachzuchten noch erwerben.<br \/>\n<a href=\"http:\/\/ullitriemer.de\/wp-content\/uploads\/2015\/05\/Transport-4a.jpg\"><img loading=\"lazy\" decoding=\"async\" class=\"aligncenter wp-image-628 size-full\" src=\"http:\/\/ullitriemer.de\/wp-content\/uploads\/2015\/05\/Transport-4a.jpg\" alt=\"Transport 4a\" width=\"500\" height=\"350\" srcset=\"http:\/\/ullitriemer.de\/wp-content\/uploads\/2015\/05\/Transport-4a.jpg 500w, http:\/\/ullitriemer.de\/wp-content\/uploads\/2015\/05\/Transport-4a-300x210.jpg 300w, http:\/\/ullitriemer.de\/wp-content\/uploads\/2015\/05\/Transport-4a-429x300.jpg 429w\" sizes=\"auto, (max-width: 500px) 100vw, 500px\" \/><\/a>Allein durch die Sichtweise von zwei Lagen des Transportbeutels konnte man erkennen, dass die Fische in den einzelnen Beuteln noch am Leben waren.<br \/>\nSomit erfolgte eine erste in Augenscheinnahme der Fische von Oben, nach dem \u00d6ffnen eines Transportbeutels.<br \/>\n<a href=\"http:\/\/ullitriemer.de\/wp-content\/uploads\/2015\/05\/Transport-5.jpg\"><img loading=\"lazy\" decoding=\"async\" class=\"aligncenter wp-image-632 size-full\" src=\"http:\/\/ullitriemer.de\/wp-content\/uploads\/2015\/05\/Transport-5.jpg\" alt=\"Transport 5\" width=\"500\" height=\"373\" srcset=\"http:\/\/ullitriemer.de\/wp-content\/uploads\/2015\/05\/Transport-5.jpg 500w, http:\/\/ullitriemer.de\/wp-content\/uploads\/2015\/05\/Transport-5-300x224.jpg 300w, http:\/\/ullitriemer.de\/wp-content\/uploads\/2015\/05\/Transport-5-402x300.jpg 402w\" sizes=\"auto, (max-width: 500px) 100vw, 500px\" \/><\/a>Da ich gerade dabei war, einen gro\u00dfen Wasserwechsel in meinem Becken zu machen, kam das Eintreffen der Fische, zu diesem Zeitpunkt, sehr gelegen.<br \/>\nIch senkte also mittels des Wasserwechsels die Temperatur im Becken ganz langsam auf ca.<strong>19\u00b0C<\/strong> ab und gab danach die <strong>4 Transportbeutel<\/strong> ins Becken zur Angleichung. Nachdem Beckenwasser und Transportwasser die gleiche Temperatur hatten hob ich mittels im Becken befindlichen Heizstabes die Temperatur langsam auf <strong>25\u00b0C<\/strong> wieder an. Das die gesamte Prozedur ne Menge Zeit in Anspruch genommen hat, versteht sich ja von selbst. Aber, was macht man nicht alles f\u00fcr seine &#8222;Lieblinge&#8220;.<\/p>\n<p><strong><em>Belonesox belizanus<\/em><\/strong> Hechtk\u00e4rpfling<br \/>\nUnd hier sind die ersten Bilder von meinen Neulingen. Aufgenommen mit einer DSLR von <strong>NIKON<\/strong> <strong>D 3100<\/strong> ohne Blitz jweils.<br \/>\n<a href=\"http:\/\/ullitriemer.de\/wp-content\/uploads\/2015\/05\/B.belizanus-Bild-1.jpg\"><img loading=\"lazy\" decoding=\"async\" class=\" wp-image-636 size-full aligncenter\" src=\"http:\/\/ullitriemer.de\/wp-content\/uploads\/2015\/05\/B.belizanus-Bild-1.jpg\" alt=\"B.belizanus Bild 1\" width=\"500\" height=\"354\" srcset=\"http:\/\/ullitriemer.de\/wp-content\/uploads\/2015\/05\/B.belizanus-Bild-1.jpg 500w, http:\/\/ullitriemer.de\/wp-content\/uploads\/2015\/05\/B.belizanus-Bild-1-300x212.jpg 300w, http:\/\/ullitriemer.de\/wp-content\/uploads\/2015\/05\/B.belizanus-Bild-1-424x300.jpg 424w\" sizes=\"auto, (max-width: 500px) 100vw, 500px\" \/><\/a><br \/>\n<a href=\"http:\/\/ullitriemer.de\/wp-content\/uploads\/2015\/05\/B.belizanus-Bild-2.jpg\"><img loading=\"lazy\" decoding=\"async\" class=\"aligncenter wp-image-637 size-full\" src=\"http:\/\/ullitriemer.de\/wp-content\/uploads\/2015\/05\/B.belizanus-Bild-2.jpg\" alt=\"B.belizanus Bild 2\" width=\"500\" height=\"299\" srcset=\"http:\/\/ullitriemer.de\/wp-content\/uploads\/2015\/05\/B.belizanus-Bild-2.jpg 500w, http:\/\/ullitriemer.de\/wp-content\/uploads\/2015\/05\/B.belizanus-Bild-2-300x179.jpg 300w\" sizes=\"auto, (max-width: 500px) 100vw, 500px\" \/><\/a>Seit April schwimmen ja 4 Belonesox belizanus (Hechtk\u00e4rpflinge) in meinem 240 Liter Becken. Nachdem nun die Eingew\u00f6hnung \u201eabgeschlossen\u201c ist, sollen auch wieder einige neue Bilder folgen. Aufgenommen wurden sie mit einer <strong>NIKON D 3100<\/strong> und dem Objektiv <strong>AF-S NIKKOR 16-85 mm<\/strong>, ohne die Verwendung des Blitzes.<\/p>\n<p><a href=\"http:\/\/ullitriemer.de\/wp-content\/uploads\/2015\/05\/B.belizanus-Bild-01.jpg\"><img loading=\"lazy\" decoding=\"async\" class=\" wp-image-661 size-full aligncenter\" src=\"http:\/\/ullitriemer.de\/wp-content\/uploads\/2015\/05\/B.belizanus-Bild-01.jpg\" alt=\"B.belizanus Bild 01\" width=\"650\" height=\"382\" srcset=\"http:\/\/ullitriemer.de\/wp-content\/uploads\/2015\/05\/B.belizanus-Bild-01.jpg 650w, http:\/\/ullitriemer.de\/wp-content\/uploads\/2015\/05\/B.belizanus-Bild-01-300x176.jpg 300w, http:\/\/ullitriemer.de\/wp-content\/uploads\/2015\/05\/B.belizanus-Bild-01-500x294.jpg 500w, http:\/\/ullitriemer.de\/wp-content\/uploads\/2015\/05\/B.belizanus-Bild-01-600x353.jpg 600w\" sizes=\"auto, (max-width: 650px) 100vw, 650px\" \/><\/a><a href=\"http:\/\/ullitriemer.de\/wp-content\/uploads\/2015\/05\/B.belizanus-Bild-02.jpg\"><img loading=\"lazy\" decoding=\"async\" class=\"aligncenter wp-image-662 size-full\" src=\"http:\/\/ullitriemer.de\/wp-content\/uploads\/2015\/05\/B.belizanus-Bild-02.jpg\" alt=\"B.belizanus Bild 02\" width=\"650\" height=\"278\" srcset=\"http:\/\/ullitriemer.de\/wp-content\/uploads\/2015\/05\/B.belizanus-Bild-02.jpg 650w, http:\/\/ullitriemer.de\/wp-content\/uploads\/2015\/05\/B.belizanus-Bild-02-300x128.jpg 300w, http:\/\/ullitriemer.de\/wp-content\/uploads\/2015\/05\/B.belizanus-Bild-02-500x214.jpg 500w, http:\/\/ullitriemer.de\/wp-content\/uploads\/2015\/05\/B.belizanus-Bild-02-600x257.jpg 600w\" sizes=\"auto, (max-width: 650px) 100vw, 650px\" \/><\/a><a href=\"http:\/\/ullitriemer.de\/wp-content\/uploads\/2015\/05\/B.belizanus-Bild-03.jpg\"><img loading=\"lazy\" decoding=\"async\" class=\"aligncenter wp-image-663 size-full\" src=\"http:\/\/ullitriemer.de\/wp-content\/uploads\/2015\/05\/B.belizanus-Bild-03.jpg\" alt=\"B.belizanus Bild 03\" width=\"650\" height=\"409\" srcset=\"http:\/\/ullitriemer.de\/wp-content\/uploads\/2015\/05\/B.belizanus-Bild-03.jpg 650w, http:\/\/ullitriemer.de\/wp-content\/uploads\/2015\/05\/B.belizanus-Bild-03-300x189.jpg 300w, http:\/\/ullitriemer.de\/wp-content\/uploads\/2015\/05\/B.belizanus-Bild-03-477x300.jpg 477w, http:\/\/ullitriemer.de\/wp-content\/uploads\/2015\/05\/B.belizanus-Bild-03-600x378.jpg 600w\" sizes=\"auto, (max-width: 650px) 100vw, 650px\" \/><\/a><a href=\"http:\/\/ullitriemer.de\/wp-content\/uploads\/2015\/05\/B.belizanus-Bild-04.jpg\"><img loading=\"lazy\" decoding=\"async\" class=\"aligncenter wp-image-664 size-full\" src=\"http:\/\/ullitriemer.de\/wp-content\/uploads\/2015\/05\/B.belizanus-Bild-04.jpg\" alt=\"B.belizanus Bild 04\" width=\"650\" height=\"611\" srcset=\"http:\/\/ullitriemer.de\/wp-content\/uploads\/2015\/05\/B.belizanus-Bild-04.jpg 650w, http:\/\/ullitriemer.de\/wp-content\/uploads\/2015\/05\/B.belizanus-Bild-04-300x282.jpg 300w, http:\/\/ullitriemer.de\/wp-content\/uploads\/2015\/05\/B.belizanus-Bild-04-319x300.jpg 319w, http:\/\/ullitriemer.de\/wp-content\/uploads\/2015\/05\/B.belizanus-Bild-04-600x564.jpg 600w\" sizes=\"auto, (max-width: 650px) 100vw, 650px\" \/><\/a><a href=\"http:\/\/ullitriemer.de\/wp-content\/uploads\/2015\/05\/B.belizanus-Bild-05.jpg\"><img loading=\"lazy\" decoding=\"async\" class=\"aligncenter wp-image-665 size-full\" src=\"http:\/\/ullitriemer.de\/wp-content\/uploads\/2015\/05\/B.belizanus-Bild-05.jpg\" alt=\"B.belizanus Bild 05\" width=\"650\" height=\"455\" srcset=\"http:\/\/ullitriemer.de\/wp-content\/uploads\/2015\/05\/B.belizanus-Bild-05.jpg 650w, http:\/\/ullitriemer.de\/wp-content\/uploads\/2015\/05\/B.belizanus-Bild-05-300x210.jpg 300w, http:\/\/ullitriemer.de\/wp-content\/uploads\/2015\/05\/B.belizanus-Bild-05-429x300.jpg 429w, http:\/\/ullitriemer.de\/wp-content\/uploads\/2015\/05\/B.belizanus-Bild-05-600x420.jpg 600w\" sizes=\"auto, (max-width: 650px) 100vw, 650px\" \/><\/a><a href=\"http:\/\/ullitriemer.de\/wp-content\/uploads\/2015\/05\/B.belizanus-Bild-06.jpg\"><img loading=\"lazy\" decoding=\"async\" class=\"aligncenter wp-image-666 size-full\" src=\"http:\/\/ullitriemer.de\/wp-content\/uploads\/2015\/05\/B.belizanus-Bild-06.jpg\" alt=\"B.belizanus Bild 06\" width=\"650\" height=\"507\" srcset=\"http:\/\/ullitriemer.de\/wp-content\/uploads\/2015\/05\/B.belizanus-Bild-06.jpg 650w, http:\/\/ullitriemer.de\/wp-content\/uploads\/2015\/05\/B.belizanus-Bild-06-300x234.jpg 300w, http:\/\/ullitriemer.de\/wp-content\/uploads\/2015\/05\/B.belizanus-Bild-06-385x300.jpg 385w, http:\/\/ullitriemer.de\/wp-content\/uploads\/2015\/05\/B.belizanus-Bild-06-600x468.jpg 600w\" sizes=\"auto, (max-width: 650px) 100vw, 650px\" \/><\/a>Das Video von meinen Hechtk\u00e4rpflingen, aufgenommen im Juni 2015.<br \/>\n<iframe loading=\"lazy\" title=\"Der Hechtk\u00e4rpfling (Belonesox belizanus)\" width=\"584\" height=\"329\" src=\"https:\/\/www.youtube.com\/embed\/V2PHREgwc3U?feature=oembed\" frameborder=\"0\" allow=\"accelerometer; autoplay; clipboard-write; encrypted-media; gyroscope; picture-in-picture; web-share\" referrerpolicy=\"strict-origin-when-cross-origin\" allowfullscreen><\/iframe><br \/>\n<a href=\"http:\/\/ullitriemer.de\/\" target=\"_blank\"><strong><span style=\"font-size: 10pt;\">Home<\/span><\/strong><\/a><\/p>\n","protected":false},"excerpt":{"rendered":"<p>Nat\u00fcrlich schwimmen in meinen 3 Aquarien so einiges an Getier herum. Was und um welche Arten von Fischen es sich dabei handelt, m\u00f6chte ich Ihnen auf dieser Seite n\u00e4her vorstellen. Den Anfang soll meine j\u00fcngste Errungenschaft mache, die seit gestern, &hellip; <a href=\"http:\/\/ullitriemer.de\/?page_id=613\">Weiterlesen <span class=\"meta-nav\">&rarr;<\/span><\/a><\/p>\n","protected":false},"author":1,"featured_media":0,"parent":126,"menu_order":1,"comment_status":"closed","ping_status":"closed","template":"","meta":{"footnotes":""},"class_list":["post-613","page","type-page","status-publish","hentry"],"_links":{"self":[{"href":"http:\/\/ullitriemer.de\/index.php?rest_route=\/wp\/v2\/pages\/613","targetHints":{"allow":["GET"]}}],"collection":[{"href":"http:\/\/ullitriemer.de\/index.php?rest_route=\/wp\/v2\/pages"}],"about":[{"href":"http:\/\/ullitriemer.de\/index.php?rest_route=\/wp\/v2\/types\/page"}],"author":[{"embeddable":true,"href":"http:\/\/ullitriemer.de\/index.php?rest_route=\/wp\/v2\/users\/1"}],"replies":[{"embeddable":true,"href":"http:\/\/ullitriemer.de\/index.php?rest_route=%2Fwp%2Fv2%2Fcomments&post=613"}],"version-history":[{"count":21,"href":"http:\/\/ullitriemer.de\/index.php?rest_route=\/wp\/v2\/pages\/613\/revisions"}],"predecessor-version":[{"id":714,"href":"http:\/\/ullitriemer.de\/index.php?rest_route=\/wp\/v2\/pages\/613\/revisions\/714"}],"up":[{"embeddable":true,"href":"http:\/\/ullitriemer.de\/index.php?rest_route=\/wp\/v2\/pages\/126"}],"wp:attachment":[{"href":"http:\/\/ullitriemer.de\/index.php?rest_route=%2Fwp%2Fv2%2Fmedia&parent=613"}],"curies":[{"name":"wp","href":"https:\/\/api.w.org\/{rel}","templated":true}]}}