{"id":326,"date":"2014-11-16T16:58:59","date_gmt":"2014-11-16T14:58:59","guid":{"rendered":"http:\/\/ullitriemer.de\/?page_id=326"},"modified":"2014-11-16T18:23:44","modified_gmt":"2014-11-16T16:23:44","slug":"brochis-britskii","status":"publish","type":"page","link":"http:\/\/ullitriemer.de\/?page_id=326","title":{"rendered":"Brochis britskii"},"content":{"rendered":"<p>Die F\u00e4rbung ist der von Brochis splendens recht \u00e4hnlich, nur ist die Grundf\u00e4rbung r\u00f6tlich braun, was zu der verkaufsf\u00f6rdernden Bezeichnung \u201eroter Brochis\u201c gef\u00fchrt hat.. Manchmal unerkannt, kommen die Tiere auch als Brochis splendens in den Handel. Dedikationsname zu Ehren von Dr.H.Britskii,Sao Paulo, Brasilien.<br \/>\n<a href=\"http:\/\/ullitriemer.de\/wp-content\/uploads\/2014\/11\/Brochis-britskii-Bild-1.jpg\"><img loading=\"lazy\" decoding=\"async\" class=\"alignnone wp-image-329 size-full\" src=\"http:\/\/ullitriemer.de\/wp-content\/uploads\/2014\/11\/Brochis-britskii-Bild-1.jpg\" alt=\"Brochis britskii Bild 1\" width=\"600\" height=\"348\" srcset=\"http:\/\/ullitriemer.de\/wp-content\/uploads\/2014\/11\/Brochis-britskii-Bild-1.jpg 600w, http:\/\/ullitriemer.de\/wp-content\/uploads\/2014\/11\/Brochis-britskii-Bild-1-300x174.jpg 300w, http:\/\/ullitriemer.de\/wp-content\/uploads\/2014\/11\/Brochis-britskii-Bild-1-500x290.jpg 500w\" sizes=\"auto, (max-width: 600px) 100vw, 600px\" \/><\/a><br \/>\nBrochis britskii (Britskiis Panzerwels)<\/p>\n<p><strong>Vorkommen<br \/>\n<a href=\"http:\/\/ullitriemer.de\/wp-content\/uploads\/2014\/11\/Vorkommen-Brochis-britskii.jpg\"><img loading=\"lazy\" decoding=\"async\" class=\"alignnone wp-image-331 size-full\" src=\"http:\/\/ullitriemer.de\/wp-content\/uploads\/2014\/11\/Vorkommen-Brochis-britskii.jpg\" alt=\"Vorkommen Brochis britskii\" width=\"850\" height=\"603\" srcset=\"http:\/\/ullitriemer.de\/wp-content\/uploads\/2014\/11\/Vorkommen-Brochis-britskii.jpg 850w, http:\/\/ullitriemer.de\/wp-content\/uploads\/2014\/11\/Vorkommen-Brochis-britskii-300x212.jpg 300w, http:\/\/ullitriemer.de\/wp-content\/uploads\/2014\/11\/Vorkommen-Brochis-britskii-422x300.jpg 422w, http:\/\/ullitriemer.de\/wp-content\/uploads\/2014\/11\/Vorkommen-Brochis-britskii-600x425.jpg 600w\" sizes=\"auto, (max-width: 850px) 100vw, 850px\" \/><\/a><\/strong><\/p>\n<p><strong>Haltung<br \/>\n<\/strong>Auch f\u00fcr diese Brochisart gelten die gleichen Bedingungen wie f\u00fcr den Brochis splendens mit der Ausnahme f\u00fcr die Gr\u00f6\u00dfe der Haltungsbecken von einer Kantenl\u00e4nge ab <strong>1,00 m<\/strong>.<\/p>\n<p>Die nachfolgenden Bilder zeigen Brochis britskii, die ich einst in meinem Aquarium gehalten habe.<br \/>\n<a href=\"http:\/\/ullitriemer.de\/wp-content\/uploads\/2014\/11\/Brochis-britskii-Bild-2.jpg\"><img loading=\"lazy\" decoding=\"async\" class=\"alignnone wp-image-337 size-full\" src=\"http:\/\/ullitriemer.de\/wp-content\/uploads\/2014\/11\/Brochis-britskii-Bild-2.jpg\" alt=\"Brochis britskii Bild 2\" width=\"600\" height=\"402\" srcset=\"http:\/\/ullitriemer.de\/wp-content\/uploads\/2014\/11\/Brochis-britskii-Bild-2.jpg 600w, http:\/\/ullitriemer.de\/wp-content\/uploads\/2014\/11\/Brochis-britskii-Bild-2-300x201.jpg 300w, http:\/\/ullitriemer.de\/wp-content\/uploads\/2014\/11\/Brochis-britskii-Bild-2-447x300.jpg 447w\" sizes=\"auto, (max-width: 600px) 100vw, 600px\" \/><\/a><br \/>\n<a href=\"http:\/\/ullitriemer.de\/wp-content\/uploads\/2014\/11\/Brochis-britskii-Bild-3.jpg\"><img loading=\"lazy\" decoding=\"async\" class=\"alignnone wp-image-338 size-full\" src=\"http:\/\/ullitriemer.de\/wp-content\/uploads\/2014\/11\/Brochis-britskii-Bild-3.jpg\" alt=\"Brochis britskii Bild 3\" width=\"600\" height=\"370\" srcset=\"http:\/\/ullitriemer.de\/wp-content\/uploads\/2014\/11\/Brochis-britskii-Bild-3.jpg 600w, http:\/\/ullitriemer.de\/wp-content\/uploads\/2014\/11\/Brochis-britskii-Bild-3-300x185.jpg 300w, http:\/\/ullitriemer.de\/wp-content\/uploads\/2014\/11\/Brochis-britskii-Bild-3-486x300.jpg 486w\" sizes=\"auto, (max-width: 600px) 100vw, 600px\" \/><\/a><br \/>\n<a href=\"http:\/\/ullitriemer.de\/wp-content\/uploads\/2014\/11\/Brochis-britskii-Bild-4.jpg\"><img loading=\"lazy\" decoding=\"async\" class=\"alignnone wp-image-339 size-full\" src=\"http:\/\/ullitriemer.de\/wp-content\/uploads\/2014\/11\/Brochis-britskii-Bild-4.jpg\" alt=\"Brochis britskii Bild 4\" width=\"600\" height=\"460\" srcset=\"http:\/\/ullitriemer.de\/wp-content\/uploads\/2014\/11\/Brochis-britskii-Bild-4.jpg 600w, http:\/\/ullitriemer.de\/wp-content\/uploads\/2014\/11\/Brochis-britskii-Bild-4-300x230.jpg 300w, http:\/\/ullitriemer.de\/wp-content\/uploads\/2014\/11\/Brochis-britskii-Bild-4-391x300.jpg 391w\" sizes=\"auto, (max-width: 600px) 100vw, 600px\" \/><\/a><strong><br \/>\n<\/strong><\/p>\n","protected":false},"excerpt":{"rendered":"<p>Die F\u00e4rbung ist der von Brochis splendens recht \u00e4hnlich, nur ist die Grundf\u00e4rbung r\u00f6tlich braun, was zu der verkaufsf\u00f6rdernden Bezeichnung \u201eroter Brochis\u201c gef\u00fchrt hat.. Manchmal unerkannt, kommen die Tiere auch als Brochis splendens in den Handel. Dedikationsname zu Ehren von &hellip; <a href=\"http:\/\/ullitriemer.de\/?page_id=326\">Weiterlesen <span class=\"meta-nav\">&rarr;<\/span><\/a><\/p>\n","protected":false},"author":1,"featured_media":0,"parent":231,"menu_order":2,"comment_status":"open","ping_status":"open","template":"","meta":{"footnotes":""},"class_list":["post-326","page","type-page","status-publish","hentry"],"_links":{"self":[{"href":"http:\/\/ullitriemer.de\/index.php?rest_route=\/wp\/v2\/pages\/326","targetHints":{"allow":["GET"]}}],"collection":[{"href":"http:\/\/ullitriemer.de\/index.php?rest_route=\/wp\/v2\/pages"}],"about":[{"href":"http:\/\/ullitriemer.de\/index.php?rest_route=\/wp\/v2\/types\/page"}],"author":[{"embeddable":true,"href":"http:\/\/ullitriemer.de\/index.php?rest_route=\/wp\/v2\/users\/1"}],"replies":[{"embeddable":true,"href":"http:\/\/ullitriemer.de\/index.php?rest_route=%2Fwp%2Fv2%2Fcomments&post=326"}],"version-history":[{"count":9,"href":"http:\/\/ullitriemer.de\/index.php?rest_route=\/wp\/v2\/pages\/326\/revisions"}],"predecessor-version":[{"id":340,"href":"http:\/\/ullitriemer.de\/index.php?rest_route=\/wp\/v2\/pages\/326\/revisions\/340"}],"up":[{"embeddable":true,"href":"http:\/\/ullitriemer.de\/index.php?rest_route=\/wp\/v2\/pages\/231"}],"wp:attachment":[{"href":"http:\/\/ullitriemer.de\/index.php?rest_route=%2Fwp%2Fv2%2Fmedia&parent=326"}],"curies":[{"name":"wp","href":"https:\/\/api.w.org\/{rel}","templated":true}]}}