{"id":310,"date":"2014-11-16T15:46:37","date_gmt":"2014-11-16T13:46:37","guid":{"rendered":"http:\/\/ullitriemer.de\/?page_id=310"},"modified":"2014-11-16T16:17:59","modified_gmt":"2014-11-16T14:17:59","slug":"brochis-multiradiatus","status":"publish","type":"page","link":"http:\/\/ullitriemer.de\/?page_id=310","title":{"rendered":"Brochis multiradiatus"},"content":{"rendered":"<p>Orces &#8211; Villagomez, 1960<br \/>\nLeider wird dieser Panzerwels selten importiert, so da\u00df auch sehr wenige Pflegeerfahrungen \u00fcber diese Art vorliegen.Die Tiere die sich im Handel befinden sind ausnahmslos Importtiere und besitzen schon eine stattliche Gr\u00f6\u00dfe von bis <strong>12 cm<\/strong>. Durch den Import und der H\u00e4lterung bei den jeweiligen H\u00e4ndlern, sind die Tiere derart geschw\u00e4cht und nehmen nur schwer Futter an. Eine Quarant\u00e4ne in denen die Tiere engmaschig \u00fcberwacht werden ist meist unabdingbar um dann eine erfolgreiche Pflege gew\u00e4hrleisten zu k\u00f6nnen. Haben die Tiere sich dann aber an die jeweiligen H\u00e4lterungsbedingungen angepasst sind sie eine Augenweide f\u00fcr jeden Aquarianer .<\/p>\n<p><a href=\"http:\/\/ullitriemer.de\/wp-content\/uploads\/2014\/11\/Brochis-multiradiatus-1.jpg\"><img loading=\"lazy\" decoding=\"async\" class=\"alignnone wp-image-313 size-full\" src=\"http:\/\/ullitriemer.de\/wp-content\/uploads\/2014\/11\/Brochis-multiradiatus-1.jpg\" alt=\"Brochis multiradiatus 1\" width=\"650\" height=\"419\" srcset=\"http:\/\/ullitriemer.de\/wp-content\/uploads\/2014\/11\/Brochis-multiradiatus-1.jpg 650w, http:\/\/ullitriemer.de\/wp-content\/uploads\/2014\/11\/Brochis-multiradiatus-1-300x193.jpg 300w, http:\/\/ullitriemer.de\/wp-content\/uploads\/2014\/11\/Brochis-multiradiatus-1-465x300.jpg 465w, http:\/\/ullitriemer.de\/wp-content\/uploads\/2014\/11\/Brochis-multiradiatus-1-600x386.jpg 600w\" sizes=\"auto, (max-width: 650px) 100vw, 650px\" \/><\/a>Brochis multiradiatus\u00a0 (<span class=\"st\">Spitzmaulpanzerwels)<\/span><\/p>\n<p><strong>Vorkommen<\/strong><br \/>\n<a href=\"http:\/\/ullitriemer.de\/wp-content\/uploads\/2014\/11\/Vorkommen-Brochis-multiradiatus.jpg\"><img loading=\"lazy\" decoding=\"async\" class=\"alignnone wp-image-316 size-full\" src=\"http:\/\/ullitriemer.de\/wp-content\/uploads\/2014\/11\/Vorkommen-Brochis-multiradiatus.jpg\" alt=\"Vorkommen Brochis multiradiatus\" width=\"850\" height=\"852\" srcset=\"http:\/\/ullitriemer.de\/wp-content\/uploads\/2014\/11\/Vorkommen-Brochis-multiradiatus.jpg 850w, http:\/\/ullitriemer.de\/wp-content\/uploads\/2014\/11\/Vorkommen-Brochis-multiradiatus-150x150.jpg 150w, http:\/\/ullitriemer.de\/wp-content\/uploads\/2014\/11\/Vorkommen-Brochis-multiradiatus-300x300.jpg 300w, http:\/\/ullitriemer.de\/wp-content\/uploads\/2014\/11\/Vorkommen-Brochis-multiradiatus-299x300.jpg 299w, http:\/\/ullitriemer.de\/wp-content\/uploads\/2014\/11\/Vorkommen-Brochis-multiradiatus-598x600.jpg 598w\" sizes=\"auto, (max-width: 850px) 100vw, 850px\" \/><\/a><br \/>\nBrochis multiradiatus kommt nur an zwei Stellen in einem Seitenarm des Amazonas vor.<\/p>\n<p><strong>Haltung<\/strong><br \/>\nF\u00fcr die Haltung gelten die gleichen Bedingungen, wie f\u00fcr den Brochis splendens mit einer Ausnahme, dass die zur Haltung vorgesehenen Aquarien mindestens eine Kantenl\u00e4nge von <strong>1,00 m<\/strong> haben sollten.<\/p>\n<p>Die folgenden Bilder stammen alle von meinen gehaltenen Tieren. Da ich die Brochis multiradiatus als Wildfangtiere erstand besa\u00dfen die Tiere bereits eine Gr\u00f6\u00dfe von bis zu 10 cm. Da ich keine Angaben \u00fcber den genauen Fundort, noch \u00fcber ein eventuelles Alter erhalten konnte, gelang es mir leider nur ca. 18 Monate diese gro\u00dfe Brochisart in meinem Aquarium zu halten.<\/p>\n<p><a href=\"http:\/\/ullitriemer.de\/wp-content\/uploads\/2014\/11\/Brochis-multiradiatus-2.jpg\"><img loading=\"lazy\" decoding=\"async\" class=\"alignnone wp-image-322 size-full\" src=\"http:\/\/ullitriemer.de\/wp-content\/uploads\/2014\/11\/Brochis-multiradiatus-2.jpg\" alt=\"Brochis multiradiatus 2\" width=\"650\" height=\"447\" srcset=\"http:\/\/ullitriemer.de\/wp-content\/uploads\/2014\/11\/Brochis-multiradiatus-2.jpg 650w, http:\/\/ullitriemer.de\/wp-content\/uploads\/2014\/11\/Brochis-multiradiatus-2-300x206.jpg 300w, http:\/\/ullitriemer.de\/wp-content\/uploads\/2014\/11\/Brochis-multiradiatus-2-436x300.jpg 436w, http:\/\/ullitriemer.de\/wp-content\/uploads\/2014\/11\/Brochis-multiradiatus-2-600x412.jpg 600w\" sizes=\"auto, (max-width: 650px) 100vw, 650px\" \/><\/a><br \/>\n<a href=\"http:\/\/ullitriemer.de\/wp-content\/uploads\/2014\/11\/Brochis-multiradiatus-3.jpg\"><img loading=\"lazy\" decoding=\"async\" class=\"alignnone wp-image-323 size-full\" src=\"http:\/\/ullitriemer.de\/wp-content\/uploads\/2014\/11\/Brochis-multiradiatus-3.jpg\" alt=\"Brochis multiradiatus 3\" width=\"650\" height=\"490\" srcset=\"http:\/\/ullitriemer.de\/wp-content\/uploads\/2014\/11\/Brochis-multiradiatus-3.jpg 650w, http:\/\/ullitriemer.de\/wp-content\/uploads\/2014\/11\/Brochis-multiradiatus-3-300x226.jpg 300w, http:\/\/ullitriemer.de\/wp-content\/uploads\/2014\/11\/Brochis-multiradiatus-3-397x300.jpg 397w, http:\/\/ullitriemer.de\/wp-content\/uploads\/2014\/11\/Brochis-multiradiatus-3-600x452.jpg 600w\" sizes=\"auto, (max-width: 650px) 100vw, 650px\" \/><\/a><br \/>\nEin ebenfalls von mir gedrehtes Video veranschaulicht nochmals die imposante Gr\u00f6\u00dfe der Tiere.<\/p>\n<p><iframe loading=\"lazy\" title=\"Brochis multiradiatus\" width=\"584\" height=\"438\" src=\"https:\/\/www.youtube.com\/embed\/L0hsL1EXWmA?feature=oembed\" frameborder=\"0\" allow=\"accelerometer; autoplay; clipboard-write; encrypted-media; gyroscope; picture-in-picture; web-share\" referrerpolicy=\"strict-origin-when-cross-origin\" allowfullscreen><\/iframe><\/p>\n","protected":false},"excerpt":{"rendered":"<p>Orces &#8211; Villagomez, 1960 Leider wird dieser Panzerwels selten importiert, so da\u00df auch sehr wenige Pflegeerfahrungen \u00fcber diese Art vorliegen.Die Tiere die sich im Handel befinden sind ausnahmslos Importtiere und besitzen schon eine stattliche Gr\u00f6\u00dfe von bis 12 cm. Durch &hellip; <a href=\"http:\/\/ullitriemer.de\/?page_id=310\">Weiterlesen <span class=\"meta-nav\">&rarr;<\/span><\/a><\/p>\n","protected":false},"author":1,"featured_media":0,"parent":231,"menu_order":1,"comment_status":"open","ping_status":"open","template":"","meta":{"footnotes":""},"class_list":["post-310","page","type-page","status-publish","hentry"],"_links":{"self":[{"href":"http:\/\/ullitriemer.de\/index.php?rest_route=\/wp\/v2\/pages\/310","targetHints":{"allow":["GET"]}}],"collection":[{"href":"http:\/\/ullitriemer.de\/index.php?rest_route=\/wp\/v2\/pages"}],"about":[{"href":"http:\/\/ullitriemer.de\/index.php?rest_route=\/wp\/v2\/types\/page"}],"author":[{"embeddable":true,"href":"http:\/\/ullitriemer.de\/index.php?rest_route=\/wp\/v2\/users\/1"}],"replies":[{"embeddable":true,"href":"http:\/\/ullitriemer.de\/index.php?rest_route=%2Fwp%2Fv2%2Fcomments&post=310"}],"version-history":[{"count":11,"href":"http:\/\/ullitriemer.de\/index.php?rest_route=\/wp\/v2\/pages\/310\/revisions"}],"predecessor-version":[{"id":325,"href":"http:\/\/ullitriemer.de\/index.php?rest_route=\/wp\/v2\/pages\/310\/revisions\/325"}],"up":[{"embeddable":true,"href":"http:\/\/ullitriemer.de\/index.php?rest_route=\/wp\/v2\/pages\/231"}],"wp:attachment":[{"href":"http:\/\/ullitriemer.de\/index.php?rest_route=%2Fwp%2Fv2%2Fmedia&parent=310"}],"curies":[{"name":"wp","href":"https:\/\/api.w.org\/{rel}","templated":true}]}}