{"id":126,"date":"2014-09-22T16:11:27","date_gmt":"2014-09-22T14:11:27","guid":{"rendered":"http:\/\/ullitriemer.de\/?page_id=126"},"modified":"2016-01-08T14:50:40","modified_gmt":"2016-01-08T12:50:40","slug":"meine-aquarien","status":"publish","type":"page","link":"http:\/\/ullitriemer.de\/?page_id=126","title":{"rendered":"240 L Becken"},"content":{"rendered":"<p><strong>240 Liter Becken<\/strong><br \/>\nBeginnen m\u00f6chte ich mit der Vorstellung meiner Aquarien mit dem gr\u00f6\u00dften Becken welches ich betreibe und dass auch am l\u00e4ngsten in Betrieb ist. Es handelt sich um mein 240 Liter Aquarium in den Abmessungen von <strong>160 cm<\/strong> x <strong>30 cm<\/strong> x <strong>50 cm<\/strong>.<br \/>\nDie Breite von 30 cm w\u00fcrde ich heute nicht mehr w\u00e4hlen, denn diese Breite schr\u00e4nkt die M\u00f6glichkeiten der freien Gestaltung doch erheblich ein.<br \/>\nDa meine Frau starke Bedenken wegen einem Aquarium in den Abmessung der Breite von 50 cm hatte, einigte ich mich dann &#8222;einvernehmlich&#8220; mit ihr auf die oben genannte Breite. Im Oktober 2003 wurde es dann bei diesem <a href=\"http:\/\/www.l-design.de\">Hersteller<\/a> in Auftrag gegeben.<br \/>\nNat\u00fcrlich ver\u00e4nderte sich die Inneneinrichtung im Laufe der Jahre mehrmalig, wie Sie an den nachfolgenden Bildern erkennen k\u00f6nnen. Da ich ein gro\u00dfer Pflanzenfreund bin und es gern &#8222;gr\u00fcn&#8220; in meinen Becken habe, wurden diese dann auch immer dementsprechend &#8222;voll&#8220; bepflanzt.<br \/>\n<a href=\"http:\/\/ullitriemer.de\/wp-content\/uploads\/2014\/09\/Becken-Bild-1.jpg\"><img loading=\"lazy\" decoding=\"async\" class=\"alignnone wp-image-132 size-full\" src=\"http:\/\/ullitriemer.de\/wp-content\/uploads\/2014\/09\/Becken-Bild-1.jpg\" alt=\"Becken Bild 1\" width=\"600\" height=\"217\" srcset=\"http:\/\/ullitriemer.de\/wp-content\/uploads\/2014\/09\/Becken-Bild-1.jpg 600w, http:\/\/ullitriemer.de\/wp-content\/uploads\/2014\/09\/Becken-Bild-1-300x108.jpg 300w, http:\/\/ullitriemer.de\/wp-content\/uploads\/2014\/09\/Becken-Bild-1-500x180.jpg 500w\" sizes=\"auto, (max-width: 600px) 100vw, 600px\" \/><\/a><br \/>\nBecken nach der Einlaufphase von ca. 14 Tagen<\/p>\n<p><a href=\"http:\/\/ullitriemer.de\/wp-content\/uploads\/2014\/09\/Becken-Bild-2.jpg\"><img loading=\"lazy\" decoding=\"async\" class=\"alignnone wp-image-137 size-full\" src=\"http:\/\/ullitriemer.de\/wp-content\/uploads\/2014\/09\/Becken-Bild-2.jpg\" alt=\"Becken Bild 2\" width=\"600\" height=\"237\" srcset=\"http:\/\/ullitriemer.de\/wp-content\/uploads\/2014\/09\/Becken-Bild-2.jpg 600w, http:\/\/ullitriemer.de\/wp-content\/uploads\/2014\/09\/Becken-Bild-2-300x118.jpg 300w, http:\/\/ullitriemer.de\/wp-content\/uploads\/2014\/09\/Becken-Bild-2-500x197.jpg 500w\" sizes=\"auto, (max-width: 600px) 100vw, 600px\" \/><\/a><br \/>\nDas Aquarium in der Ansicht nach ca. 3 Jahren<\/p>\n<p><a href=\"http:\/\/ullitriemer.de\/wp-content\/uploads\/2014\/09\/Becken-Bild-4.jpg\"><img loading=\"lazy\" decoding=\"async\" class=\"alignnone wp-image-140 size-full\" src=\"http:\/\/ullitriemer.de\/wp-content\/uploads\/2014\/09\/Becken-Bild-4.jpg\" alt=\"Becken Bild 4\" width=\"600\" height=\"212\" srcset=\"http:\/\/ullitriemer.de\/wp-content\/uploads\/2014\/09\/Becken-Bild-4.jpg 600w, http:\/\/ullitriemer.de\/wp-content\/uploads\/2014\/09\/Becken-Bild-4-300x106.jpg 300w, http:\/\/ullitriemer.de\/wp-content\/uploads\/2014\/09\/Becken-Bild-4-500x176.jpg 500w\" sizes=\"auto, (max-width: 600px) 100vw, 600px\" \/><\/a><br \/>\n2009 hatte sich mein Becken in der Ansicht dann so gewandelt<\/p>\n<p>Als Bodengrund habe ich Kies in der K\u00f6rnung <strong>2<\/strong>&#8211;<strong>3 mm<\/strong> gew\u00e4hlt, den ich von einem Bauchfachgesch\u00e4ft bezogen habe. Die &#8222;Reinigung&#8220; dieses Bodengrundes war sehr m\u00fchselig und \u00e4u\u00dferst zeitaufwendig. Der Bodengrund befindet sich heute noch in diesem Aquarium und wurde nicht ver\u00e4ndert bzw. ein mal &#8222;gereinigt&#8220;.<\/p>\n<p><strong>Technik<\/strong><br \/>\nBeleuchtung<br \/>\nDer \u201eLichtkasten\u201c f\u00fcr mein 240 L Becken entstand im Eigenbau. Er wurde aus 10 mm starken Sperrholz gefertigt und anschlie\u00dfend mit einem sch\u00fctzenden Farbanstrich versehen. Bei der Installation der Leuchtmittel sollte unbedingt ein Fachmann hinzugezogen werden, weil sich die Elemente Wasser und Elektrizit\u00e4t , wenn sie direkt aufeinandertreffen, schlecht vertragen.<br \/>\n<a href=\"http:\/\/ullitriemer.de\/wp-content\/uploads\/2014\/09\/Lichtkasten-komplett-Bild-2.jpg\"><img loading=\"lazy\" decoding=\"async\" class=\"alignnone wp-image-399 size-full\" src=\"http:\/\/ullitriemer.de\/wp-content\/uploads\/2014\/09\/Lichtkasten-komplett-Bild-2.jpg\" alt=\"Lichtkasten komplett Bild 2\" width=\"500\" height=\"375\" srcset=\"http:\/\/ullitriemer.de\/wp-content\/uploads\/2014\/09\/Lichtkasten-komplett-Bild-2.jpg 500w, http:\/\/ullitriemer.de\/wp-content\/uploads\/2014\/09\/Lichtkasten-komplett-Bild-2-300x225.jpg 300w, http:\/\/ullitriemer.de\/wp-content\/uploads\/2014\/09\/Lichtkasten-komplett-Bild-2-400x300.jpg 400w\" sizes=\"auto, (max-width: 500px) 100vw, 500px\" \/><\/a><br \/>\n<a href=\"http:\/\/ullitriemer.de\/wp-content\/uploads\/2014\/09\/Lichtkasten-links.jpg\"><img loading=\"lazy\" decoding=\"async\" class=\"alignnone wp-image-400 size-full\" src=\"http:\/\/ullitriemer.de\/wp-content\/uploads\/2014\/09\/Lichtkasten-links.jpg\" alt=\"Lichtkasten links\" width=\"500\" height=\"375\" srcset=\"http:\/\/ullitriemer.de\/wp-content\/uploads\/2014\/09\/Lichtkasten-links.jpg 500w, http:\/\/ullitriemer.de\/wp-content\/uploads\/2014\/09\/Lichtkasten-links-300x225.jpg 300w, http:\/\/ullitriemer.de\/wp-content\/uploads\/2014\/09\/Lichtkasten-links-400x300.jpg 400w\" sizes=\"auto, (max-width: 500px) 100vw, 500px\" \/><\/a><br \/>\nLeuchtmittel<br \/>\nAls \u201eLampen\u201c im weitgehendem Sinne verwende ich \u201enoch\u201c T 8 R\u00f6hren von zwei Herstellern bzw. aus dem Bereich S\u00fc\u00dfwasser (speziell Pflanzen) und dem Meerwasserbereich. Wobei ich zwei R\u00f6hren f\u00fcr Meerwasser zum Einsatz bringe und nur eine R\u00f6hre , mit erh\u00f6htem Rotanteil, verwende. Seit der Inbetriebnahme dieses Beckens verwende ich diese Leuchtmittel und habe immer einen guten bis sehr guten Pflanzenwuchs mit dieser Art \u201evon Beleuchtung\u201c zu verzeichnen. Die Dauer der Beleuchtungszeit betr\u00e4gt volle 12 h ohne jegliche Unterbrechungen.<br \/>\n<a href=\"http:\/\/ullitriemer.de\/wp-content\/uploads\/2014\/09\/R\u00f6hre-Aquastar-Bild-1.jpg\"><img loading=\"lazy\" decoding=\"async\" class=\"alignnone wp-image-402 size-full\" src=\"http:\/\/ullitriemer.de\/wp-content\/uploads\/2014\/09\/R\u00f6hre-Aquastar-Bild-1.jpg\" alt=\"R\u00f6hre Aquastar Bild 1\" width=\"500\" height=\"375\" srcset=\"http:\/\/ullitriemer.de\/wp-content\/uploads\/2014\/09\/R\u00f6hre-Aquastar-Bild-1.jpg 500w, http:\/\/ullitriemer.de\/wp-content\/uploads\/2014\/09\/R\u00f6hre-Aquastar-Bild-1-300x225.jpg 300w, http:\/\/ullitriemer.de\/wp-content\/uploads\/2014\/09\/R\u00f6hre-Aquastar-Bild-1-400x300.jpg 400w\" sizes=\"auto, (max-width: 500px) 100vw, 500px\" \/><\/a><br \/>\n<a href=\"http:\/\/ullitriemer.de\/wp-content\/uploads\/2014\/09\/R\u00f6hre-Phillips-Bild-2.jpg\"><img loading=\"lazy\" decoding=\"async\" class=\"alignnone wp-image-403 size-full\" src=\"http:\/\/ullitriemer.de\/wp-content\/uploads\/2014\/09\/R\u00f6hre-Phillips-Bild-2.jpg\" alt=\"R\u00f6hre Phillips Bild 2\" width=\"500\" height=\"375\" srcset=\"http:\/\/ullitriemer.de\/wp-content\/uploads\/2014\/09\/R\u00f6hre-Phillips-Bild-2.jpg 500w, http:\/\/ullitriemer.de\/wp-content\/uploads\/2014\/09\/R\u00f6hre-Phillips-Bild-2-300x225.jpg 300w, http:\/\/ullitriemer.de\/wp-content\/uploads\/2014\/09\/R\u00f6hre-Phillips-Bild-2-400x300.jpg 400w\" sizes=\"auto, (max-width: 500px) 100vw, 500px\" \/><\/a><br \/>\nHeizung<br \/>\nF\u00fcr die \u201eErw\u00e4rmung\u201c meines Beckens kam zum Anfang eine Bodenheizung der Marke DUPLO zum Einsatz. Diese Form der Beheizung hat sich aber in der weiteren Zukunft dieses Beckens als hinderlich erwiesen, da ich in regelm\u00e4\u00dfigen Abst\u00e4nden meine Bepflanzung erg\u00e4nzt und erweitert habe. Und durch die in regelm\u00e4\u00dfigen Abst\u00e4nden stattfindenden \u201eg\u00e4rtnerischen Arbeiten\u201c l\u00f6sten sich dann immer die am Beckenboden befestigten Heizkabel aus ihren Verankerungen. Wer diese \u201eArbeiten\u201c in seinem Aquarium nicht st\u00e4ndig durchf\u00fchren mu\u00df, f\u00fcr den ist die Art der Beheizung anzuraten.<br \/>\n<a href=\"http:\/\/ullitriemer.de\/wp-content\/uploads\/2014\/09\/Bodenheizung1.jpg\"><img loading=\"lazy\" decoding=\"async\" class=\"alignnone wp-image-406 size-full\" src=\"http:\/\/ullitriemer.de\/wp-content\/uploads\/2014\/09\/Bodenheizung1.jpg\" alt=\"Bodenheizung1\" width=\"500\" height=\"375\" srcset=\"http:\/\/ullitriemer.de\/wp-content\/uploads\/2014\/09\/Bodenheizung1.jpg 500w, http:\/\/ullitriemer.de\/wp-content\/uploads\/2014\/09\/Bodenheizung1-300x225.jpg 300w, http:\/\/ullitriemer.de\/wp-content\/uploads\/2014\/09\/Bodenheizung1-400x300.jpg 400w\" sizes=\"auto, (max-width: 500px) 100vw, 500px\" \/><\/a><br \/>\n<a href=\"http:\/\/ullitriemer.de\/wp-content\/uploads\/2014\/09\/Bodenheizung2.jpg\"><img loading=\"lazy\" decoding=\"async\" class=\"alignnone wp-image-407 size-full\" src=\"http:\/\/ullitriemer.de\/wp-content\/uploads\/2014\/09\/Bodenheizung2.jpg\" alt=\"Bodenheizung2\" width=\"500\" height=\"375\" srcset=\"http:\/\/ullitriemer.de\/wp-content\/uploads\/2014\/09\/Bodenheizung2.jpg 500w, http:\/\/ullitriemer.de\/wp-content\/uploads\/2014\/09\/Bodenheizung2-300x225.jpg 300w, http:\/\/ullitriemer.de\/wp-content\/uploads\/2014\/09\/Bodenheizung2-400x300.jpg 400w\" sizes=\"auto, (max-width: 500px) 100vw, 500px\" \/><\/a><br \/>\nDie Zeitdauer der Beheizung war zum damaligen Zeitpunkt schon an die Beleuchtung gekoppelt und belief sich auf <strong>12 h<\/strong>. Nachts jeweils in dem Zeitraum von <strong>22:00 Uhr<\/strong> bis morgens <strong>09:00 Uhr<\/strong> fand keine Beheizung statt.<\/p>\n","protected":false},"excerpt":{"rendered":"<p>240 Liter Becken Beginnen m\u00f6chte ich mit der Vorstellung meiner Aquarien mit dem gr\u00f6\u00dften Becken welches ich betreibe und dass auch am l\u00e4ngsten in Betrieb ist. Es handelt sich um mein 240 Liter Aquarium in den Abmessungen von 160 cm &hellip; <a href=\"http:\/\/ullitriemer.de\/?page_id=126\">Weiterlesen <span class=\"meta-nav\">&rarr;<\/span><\/a><\/p>\n","protected":false},"author":1,"featured_media":0,"parent":0,"menu_order":1,"comment_status":"closed","ping_status":"closed","template":"","meta":{"footnotes":""},"class_list":["post-126","page","type-page","status-publish","hentry"],"_links":{"self":[{"href":"http:\/\/ullitriemer.de\/index.php?rest_route=\/wp\/v2\/pages\/126","targetHints":{"allow":["GET"]}}],"collection":[{"href":"http:\/\/ullitriemer.de\/index.php?rest_route=\/wp\/v2\/pages"}],"about":[{"href":"http:\/\/ullitriemer.de\/index.php?rest_route=\/wp\/v2\/types\/page"}],"author":[{"embeddable":true,"href":"http:\/\/ullitriemer.de\/index.php?rest_route=\/wp\/v2\/users\/1"}],"replies":[{"embeddable":true,"href":"http:\/\/ullitriemer.de\/index.php?rest_route=%2Fwp%2Fv2%2Fcomments&post=126"}],"version-history":[{"count":20,"href":"http:\/\/ullitriemer.de\/index.php?rest_route=\/wp\/v2\/pages\/126\/revisions"}],"predecessor-version":[{"id":799,"href":"http:\/\/ullitriemer.de\/index.php?rest_route=\/wp\/v2\/pages\/126\/revisions\/799"}],"wp:attachment":[{"href":"http:\/\/ullitriemer.de\/index.php?rest_route=%2Fwp%2Fv2%2Fmedia&parent=126"}],"curies":[{"name":"wp","href":"https:\/\/api.w.org\/{rel}","templated":true}]}}